{"id":1886,"date":"2025-01-21T12:19:15","date_gmt":"2025-01-21T11:19:15","guid":{"rendered":"https:\/\/equipdiesel.com\/producto\/piusi-ex140\/"},"modified":"2025-08-20T16:14:27","modified_gmt":"2025-08-20T14:14:27","slug":"piusi-ex140","status":"publish","type":"product","link":"https:\/\/equipdiesel.com\/ca\/producto\/piusi-ex140\/","title":{"rendered":"PIUSI EX140"},"content":{"rendered":"<p><span dir=\"auto\" style=\"vertical-align: inherit;\"><span dir=\"auto\" style=\"vertical-align: inherit;\">La PIUSI EX140 \u00e9s la nova bomba PIUSI apta per al transvasament de benzina i di\u00e8sel que garanteix un alt rendiment en cicle continu. La directiva ATEX sobre l&#8217;\u00fas de materials en atmosferes potencialment explosives \u00e9s molt precisa, tal com confirma la certificaci\u00f3 ATEX. PIUSI demostra el seu comprom\u00eds continu en la recerca de solucions per a la transfer\u00e8ncia de fluids amb la gamma EX, enriquint la l\u00ednia de productes PIUSI amb un alt rendiment en la transfer\u00e8ncia i la dispensaci\u00f3 de l\u00edquids explosius.<\/span><\/span><\/p>\n<p><span dir=\"auto\" style=\"vertical-align: inherit;\"><span dir=\"auto\" style=\"vertical-align: inherit;\">PIUSI EX140 \u00e9s la nova bomba de transfer\u00e8ncia adequada per a combustibles inflamables com gasolina, queros\u00e8 i di\u00e8sel. \u00c9s f\u00e0cil d&#8217;utilitzar, vers\u00e0til i s&#8217;adapta a qualsevol condici\u00f3 de treball.<\/span><\/span><\/p>\n<p><strong><span dir=\"auto\" style=\"vertical-align: inherit;\"><span dir=\"auto\" style=\"vertical-align: inherit;\">QUALITAT CERTIFICADA PER ATEX<\/span><\/span><\/strong><\/p>\n<p><span dir=\"auto\" style=\"vertical-align: inherit;\"><span dir=\"auto\" style=\"vertical-align: inherit;\">La bomba de benzina PIUSI EX140 est\u00e0 certificada per ATEX i compleix els criteris establerts per evitar explosions dins o fora de la bomba, degut a possibles components que poden activar el fluid transferit o, de vegades, l&#8217;atmosfera circumdant. PIUSI EX140 \u00e9s segur, fiable, durador i especialment adequat per al mercat americ\u00e0, on cal la certificaci\u00f3 ATEX per utilitzar sistemes de transfer\u00e8ncia en entorns potencialment perillosos.<\/span><\/span><\/p>\n<p><strong><span dir=\"auto\" style=\"vertical-align: inherit;\"><span dir=\"auto\" style=\"vertical-align: inherit;\">ALT RENDIMENT EN CICLE CONTINU<\/span><\/span><\/strong><\/p>\n<p><span dir=\"auto\" style=\"vertical-align: inherit;\"><span dir=\"auto\" style=\"vertical-align: inherit;\">Juntament amb la resta de la gamma PIUSI EX80 i 100, la bomba EX140 garanteix cabals elevats i especialment constants fins i tot quan es fa servir en sistemes complexos. Tota la gamma est\u00e0 certificada per ATEX per garantir la m\u00e0xima seguretat fins i tot en atmosferes explosives per a l&#8217;usuari.<\/span><\/span><\/p>\n<p><span dir=\"auto\" style=\"vertical-align: inherit;\"><span dir=\"auto\" style=\"vertical-align: inherit;\">Tota la nova l\u00ednia EX es caracteritza per un alt cabal que treballa amb un cicle de treball continu i ha estat dissenyada per ser particularment adequada per a treballs pesants, \u00e9s a dir, per a aquelles flotes exigents que necessiten dispensar combustibles com gasolina, di\u00e8sel o queros\u00e8 r\u00e0pidament. Hi ha accessoris molt importants per a tota la l\u00ednia de bombes EX noves, entre els quals s&#8217;inclouen: el kit remot per al control remot de la caixa el\u00e8ctrica amb connexi\u00f3 de pistola i les potes de fixaci\u00f3, compatibles amb moltes aplicacions.<\/span><\/span><\/p>\n","protected":false},"excerpt":{"rendered":"<p><span dir=\"auto\" style=\"vertical-align: inherit;\"><span dir=\"auto\" style=\"vertical-align: inherit;\">Descobreix la PIUSI EX140, amb cabal de 140 l\/min i certificaci\u00f3 ATEX, ideal per a benzina, di\u00e8sel i queros\u00e8. Perfecta com a bomba de tr\u00e0fec de combustible.<\/span><\/span><\/p>\n","protected":false},"featured_media":1803,"comment_status":"open","ping_status":"closed","template":"","meta":[],"product_brand":[],"product_cat":[46],"product_tag":[],"class_list":{"0":"post-1886","1":"product","2":"type-product","3":"status-publish","4":"has-post-thumbnail","6":"product_cat-bombes","8":"first","9":"instock","10":"shipping-taxable","11":"purchasable","12":"product-type-simple"},"yoast_head":"<!-- This site is optimized with the Yoast SEO plugin v25.7 - https:\/\/yoast.com\/wordpress\/plugins\/seo\/ -->\n<title>PIUSI EX140 - Equip Diesel Oil<\/title>\n<meta name=\"robots\" content=\"index, follow, max-snippet:-1, max-image-preview:large, max-video-preview:-1\" \/>\n<link rel=\"canonical\" href=\"https:\/\/equipdiesel.com\/producto\/piusi-ex140\/\" \/>\n<meta property=\"og:locale\" content=\"ca_ES\" \/>\n<meta property=\"og:type\" content=\"article\" \/>\n<meta property=\"og:title\" content=\"PIUSI EX140 - Equip Diesel Oil\" \/>\n<meta property=\"og:description\" content=\"Descobreix la PIUSI EX140, amb cabal de 140 l\/min i certificaci\u00f3 ATEX, ideal per a benzina, di\u00e8sel i queros\u00e8. Perfecta com a bomba de tr\u00e0fec de combustible.\" \/>\n<meta property=\"og:url\" content=\"https:\/\/equipdiesel.com\/producto\/piusi-ex140\/\" \/>\n<meta property=\"og:site_name\" content=\"Equip Diesel Oil\" \/>\n<meta property=\"article:modified_time\" content=\"2025-08-20T14:14:27+00:00\" \/>\n<meta property=\"og:image\" content=\"https:\/\/equipdiesel.com\/wp-content\/uploads\/2025\/01\/ex140_atex_ac_pumps_pumps_piusi.webp\" \/>\n\t<meta property=\"og:image:width\" content=\"600\" \/>\n\t<meta property=\"og:image:height\" content=\"600\" \/>\n\t<meta property=\"og:image:type\" content=\"image\/webp\" \/>\n<meta name=\"twitter:card\" content=\"summary_large_image\" \/>\n<meta name=\"twitter:label1\" content=\"Temps estimat de lectura\" \/>\n\t<meta name=\"twitter:data1\" content=\"2 minuts\" \/>\n<script type=\"application\/ld+json\" class=\"yoast-schema-graph\">{\"@context\":\"https:\/\/schema.org\",\"@graph\":[{\"@type\":\"WebPage\",\"@id\":\"https:\/\/equipdiesel.com\/producto\/piusi-ex140\/\",\"url\":\"https:\/\/equipdiesel.com\/producto\/piusi-ex140\/\",\"name\":\"PIUSI EX140 - Equip Diesel Oil\",\"isPartOf\":{\"@id\":\"https:\/\/equipdiesel.com\/#website\"},\"primaryImageOfPage\":{\"@id\":\"https:\/\/equipdiesel.com\/producto\/piusi-ex140\/#primaryimage\"},\"image\":{\"@id\":\"https:\/\/equipdiesel.com\/producto\/piusi-ex140\/#primaryimage\"},\"thumbnailUrl\":\"https:\/\/equipdiesel.com\/wp-content\/uploads\/2025\/01\/ex140_atex_ac_pumps_pumps_piusi.webp\",\"datePublished\":\"2025-01-21T11:19:15+00:00\",\"dateModified\":\"2025-08-20T14:14:27+00:00\",\"breadcrumb\":{\"@id\":\"https:\/\/equipdiesel.com\/producto\/piusi-ex140\/#breadcrumb\"},\"inLanguage\":\"ca\",\"potentialAction\":[{\"@type\":\"ReadAction\",\"target\":[\"https:\/\/equipdiesel.com\/producto\/piusi-ex140\/\"]}]},{\"@type\":\"ImageObject\",\"inLanguage\":\"ca\",\"@id\":\"https:\/\/equipdiesel.com\/producto\/piusi-ex140\/#primaryimage\",\"url\":\"https:\/\/equipdiesel.com\/wp-content\/uploads\/2025\/01\/ex140_atex_ac_pumps_pumps_piusi.webp\",\"contentUrl\":\"https:\/\/equipdiesel.com\/wp-content\/uploads\/2025\/01\/ex140_atex_ac_pumps_pumps_piusi.webp\",\"width\":600,\"height\":600},{\"@type\":\"BreadcrumbList\",\"@id\":\"https:\/\/equipdiesel.com\/producto\/piusi-ex140\/#breadcrumb\",\"itemListElement\":[{\"@type\":\"ListItem\",\"position\":1,\"name\":\"Portada\",\"item\":\"https:\/\/equipdiesel.com\/ca\/equip-diesel\/\"},{\"@type\":\"ListItem\",\"position\":2,\"name\":\"Botiga\",\"item\":\"https:\/\/equipdiesel.com\/tienda\/\"},{\"@type\":\"ListItem\",\"position\":3,\"name\":\"PIUSI EX140\"}]},{\"@type\":\"WebSite\",\"@id\":\"https:\/\/equipdiesel.com\/#website\",\"url\":\"https:\/\/equipdiesel.com\/\",\"name\":\"Equip Diesel Oil\",\"description\":\"Empresa dedicada a las instalaciones y reparaciones petrol\u00edferas, con un equipo que cuenta con m\u00e1s de 15 a\u00f1os de experiencia\",\"potentialAction\":[{\"@type\":\"SearchAction\",\"target\":{\"@type\":\"EntryPoint\",\"urlTemplate\":\"https:\/\/equipdiesel.com\/?s={search_term_string}\"},\"query-input\":{\"@type\":\"PropertyValueSpecification\",\"valueRequired\":true,\"valueName\":\"search_term_string\"}}],\"inLanguage\":\"ca\"}]}<\/script>\n<!-- \/ Yoast SEO plugin. -->","yoast_head_json":{"title":"PIUSI EX140 - Equip Diesel Oil","robots":{"index":"index","follow":"follow","max-snippet":"max-snippet:-1","max-image-preview":"max-image-preview:large","max-video-preview":"max-video-preview:-1"},"canonical":"https:\/\/equipdiesel.com\/producto\/piusi-ex140\/","og_locale":"ca_ES","og_type":"article","og_title":"PIUSI EX140 - Equip Diesel Oil","og_description":"Descobreix la PIUSI EX140, amb cabal de 140 l\/min i certificaci\u00f3 ATEX, ideal per a benzina, di\u00e8sel i queros\u00e8. Perfecta com a bomba de tr\u00e0fec de combustible.","og_url":"https:\/\/equipdiesel.com\/producto\/piusi-ex140\/","og_site_name":"Equip Diesel Oil","article_modified_time":"2025-08-20T14:14:27+00:00","og_image":[{"width":600,"height":600,"url":"https:\/\/equipdiesel.com\/wp-content\/uploads\/2025\/01\/ex140_atex_ac_pumps_pumps_piusi.webp","type":"image\/webp"}],"twitter_card":"summary_large_image","twitter_misc":{"Temps estimat de lectura":"2 minuts"},"schema":{"@context":"https:\/\/schema.org","@graph":[{"@type":"WebPage","@id":"https:\/\/equipdiesel.com\/producto\/piusi-ex140\/","url":"https:\/\/equipdiesel.com\/producto\/piusi-ex140\/","name":"PIUSI EX140 - Equip Diesel Oil","isPartOf":{"@id":"https:\/\/equipdiesel.com\/#website"},"primaryImageOfPage":{"@id":"https:\/\/equipdiesel.com\/producto\/piusi-ex140\/#primaryimage"},"image":{"@id":"https:\/\/equipdiesel.com\/producto\/piusi-ex140\/#primaryimage"},"thumbnailUrl":"https:\/\/equipdiesel.com\/wp-content\/uploads\/2025\/01\/ex140_atex_ac_pumps_pumps_piusi.webp","datePublished":"2025-01-21T11:19:15+00:00","dateModified":"2025-08-20T14:14:27+00:00","breadcrumb":{"@id":"https:\/\/equipdiesel.com\/producto\/piusi-ex140\/#breadcrumb"},"inLanguage":"ca","potentialAction":[{"@type":"ReadAction","target":["https:\/\/equipdiesel.com\/producto\/piusi-ex140\/"]}]},{"@type":"ImageObject","inLanguage":"ca","@id":"https:\/\/equipdiesel.com\/producto\/piusi-ex140\/#primaryimage","url":"https:\/\/equipdiesel.com\/wp-content\/uploads\/2025\/01\/ex140_atex_ac_pumps_pumps_piusi.webp","contentUrl":"https:\/\/equipdiesel.com\/wp-content\/uploads\/2025\/01\/ex140_atex_ac_pumps_pumps_piusi.webp","width":600,"height":600},{"@type":"BreadcrumbList","@id":"https:\/\/equipdiesel.com\/producto\/piusi-ex140\/#breadcrumb","itemListElement":[{"@type":"ListItem","position":1,"name":"Portada","item":"https:\/\/equipdiesel.com\/ca\/equip-diesel\/"},{"@type":"ListItem","position":2,"name":"Botiga","item":"https:\/\/equipdiesel.com\/tienda\/"},{"@type":"ListItem","position":3,"name":"PIUSI EX140"}]},{"@type":"WebSite","@id":"https:\/\/equipdiesel.com\/#website","url":"https:\/\/equipdiesel.com\/","name":"Equip Diesel Oil","description":"Empresa dedicada a las instalaciones y reparaciones petrol\u00edferas, con un equipo que cuenta con m\u00e1s de 15 a\u00f1os de experiencia","potentialAction":[{"@type":"SearchAction","target":{"@type":"EntryPoint","urlTemplate":"https:\/\/equipdiesel.com\/?s={search_term_string}"},"query-input":{"@type":"PropertyValueSpecification","valueRequired":true,"valueName":"search_term_string"}}],"inLanguage":"ca"}]}},"_links":{"self":[{"href":"https:\/\/equipdiesel.com\/ca\/wp-json\/wp\/v2\/product\/1886","targetHints":{"allow":["GET"]}}],"collection":[{"href":"https:\/\/equipdiesel.com\/ca\/wp-json\/wp\/v2\/product"}],"about":[{"href":"https:\/\/equipdiesel.com\/ca\/wp-json\/wp\/v2\/types\/product"}],"replies":[{"embeddable":true,"href":"https:\/\/equipdiesel.com\/ca\/wp-json\/wp\/v2\/comments?post=1886"}],"wp:featuredmedia":[{"embeddable":true,"href":"https:\/\/equipdiesel.com\/ca\/wp-json\/wp\/v2\/media\/1803"}],"wp:attachment":[{"href":"https:\/\/equipdiesel.com\/ca\/wp-json\/wp\/v2\/media?parent=1886"}],"wp:term":[{"taxonomy":"product_brand","embeddable":true,"href":"https:\/\/equipdiesel.com\/ca\/wp-json\/wp\/v2\/product_brand?post=1886"},{"taxonomy":"product_cat","embeddable":true,"href":"https:\/\/equipdiesel.com\/ca\/wp-json\/wp\/v2\/product_cat?post=1886"},{"taxonomy":"product_tag","embeddable":true,"href":"https:\/\/equipdiesel.com\/ca\/wp-json\/wp\/v2\/product_tag?post=1886"}],"curies":[{"name":"wp","href":"https:\/\/api.w.org\/{rel}","templated":true}]}}