{"id":1884,"date":"2025-01-22T12:02:53","date_gmt":"2025-01-22T11:02:53","guid":{"rendered":"https:\/\/equipdiesel.com\/producto\/clear-captor-filter\/"},"modified":"2025-08-20T16:12:20","modified_gmt":"2025-08-20T14:12:20","slug":"clear-captor-filter","status":"publish","type":"product","link":"https:\/\/equipdiesel.com\/ca\/producto\/clear-captor-filter\/","title":{"rendered":"Clear Captor Filter"},"content":{"rendered":"<div class=\"prose prose-a:font-bold mt-12\">\n<p><span dir=\"auto\" style=\"vertical-align: inherit;\"><span dir=\"auto\" style=\"vertical-align: inherit;\">Filtre amb cartutx amb contenidor transparent i cartutx intern removible es poden aplicar tant en aspiraci\u00f3 com en impulsi\u00f3. Estan disponibles amb cartutx d\u00b4absorci\u00f3 d\u00b4aigua. El contenidor transparent permet visualitzar sempre la brut\u00edcia o l&#8217;aigua retinguda. Una v\u00e0lvula situada al fons del contenidor permet purgar la possible aigua o brut\u00edcia decantada.<\/span><\/span><\/p>\n<\/div>\n<p class=\"font-bold text-piusi uppercase mt-8 mb-4\"><strong><span dir=\"auto\" style=\"vertical-align: inherit;\"><span dir=\"auto\" style=\"vertical-align: inherit;\">Caracter\u00edstiques<\/span><\/span><\/strong><\/p>\n<div class=\"prose \">\n<ul>\n<li><span dir=\"auto\" style=\"vertical-align: inherit;\"><span dir=\"auto\" style=\"vertical-align: inherit;\">LLEST PER USAR<\/span><\/span><\/li>\n<li><span dir=\"auto\" style=\"vertical-align: inherit;\"><span dir=\"auto\" style=\"vertical-align: inherit;\">CARTUTX DINAR<\/span><\/span><\/li>\n<li><span dir=\"auto\" style=\"vertical-align: inherit;\"><span dir=\"auto\" style=\"vertical-align: inherit;\">ALTA EFICI\u00c8NCIA<\/span><\/span><\/li>\n<li><span dir=\"auto\" style=\"vertical-align: inherit;\"><span dir=\"auto\" style=\"vertical-align: inherit;\">PETIT MIDA<\/span><\/span><\/li>\n<\/ul>\n<\/div>\n","protected":false},"excerpt":{"rendered":"<p><span dir=\"auto\" style=\"vertical-align: inherit;\"><span dir=\"auto\" style=\"vertical-align: inherit;\">Filtre combustible di\u00e8sel amb cartutx removible i contenidor transparent per purgar aigua i brut\u00edcia f\u00e0cilment. Per a m\u00e9s informaci\u00f3, visiteu el lloc web.<\/span><\/span><\/p>\n","protected":false},"featured_media":1806,"comment_status":"open","ping_status":"closed","template":"","meta":[],"product_brand":[],"product_cat":[44],"product_tag":[],"class_list":{"0":"post-1884","1":"product","2":"type-product","3":"status-publish","4":"has-post-thumbnail","6":"product_cat-filtres","8":"first","9":"instock","10":"shipping-taxable","11":"purchasable","12":"product-type-simple"},"yoast_head":"<!-- This site is optimized with the Yoast SEO plugin v25.7 - https:\/\/yoast.com\/wordpress\/plugins\/seo\/ -->\n<title>Clear Captor Filter - Equip Diesel Oil<\/title>\n<meta name=\"robots\" content=\"index, follow, max-snippet:-1, max-image-preview:large, max-video-preview:-1\" \/>\n<link rel=\"canonical\" href=\"https:\/\/equipdiesel.com\/producto\/clear-captor-filter\/\" \/>\n<meta property=\"og:locale\" content=\"ca_ES\" \/>\n<meta property=\"og:type\" content=\"article\" \/>\n<meta property=\"og:title\" content=\"Clear Captor Filter - Equip Diesel Oil\" \/>\n<meta property=\"og:description\" content=\"Filtre combustible di\u00e8sel amb cartutx removible i contenidor transparent per purgar aigua i brut\u00edcia f\u00e0cilment. Per a m\u00e9s informaci\u00f3, visiteu el lloc web.\" \/>\n<meta property=\"og:url\" content=\"https:\/\/equipdiesel.com\/producto\/clear-captor-filter\/\" \/>\n<meta property=\"og:site_name\" content=\"Equip Diesel Oil\" \/>\n<meta property=\"article:modified_time\" content=\"2025-08-20T14:12:20+00:00\" \/>\n<meta property=\"og:image\" content=\"https:\/\/equipdiesel.com\/wp-content\/uploads\/2025\/01\/clear_captor.webp\" \/>\n\t<meta property=\"og:image:width\" content=\"600\" \/>\n\t<meta property=\"og:image:height\" content=\"600\" \/>\n\t<meta property=\"og:image:type\" content=\"image\/webp\" \/>\n<meta name=\"twitter:card\" content=\"summary_large_image\" \/>\n<script type=\"application\/ld+json\" class=\"yoast-schema-graph\">{\"@context\":\"https:\/\/schema.org\",\"@graph\":[{\"@type\":\"WebPage\",\"@id\":\"https:\/\/equipdiesel.com\/producto\/clear-captor-filter\/\",\"url\":\"https:\/\/equipdiesel.com\/producto\/clear-captor-filter\/\",\"name\":\"Clear Captor Filter - Equip Diesel Oil\",\"isPartOf\":{\"@id\":\"https:\/\/equipdiesel.com\/#website\"},\"primaryImageOfPage\":{\"@id\":\"https:\/\/equipdiesel.com\/producto\/clear-captor-filter\/#primaryimage\"},\"image\":{\"@id\":\"https:\/\/equipdiesel.com\/producto\/clear-captor-filter\/#primaryimage\"},\"thumbnailUrl\":\"https:\/\/equipdiesel.com\/wp-content\/uploads\/2025\/01\/clear_captor.webp\",\"datePublished\":\"2025-01-22T11:02:53+00:00\",\"dateModified\":\"2025-08-20T14:12:20+00:00\",\"breadcrumb\":{\"@id\":\"https:\/\/equipdiesel.com\/producto\/clear-captor-filter\/#breadcrumb\"},\"inLanguage\":\"ca\",\"potentialAction\":[{\"@type\":\"ReadAction\",\"target\":[\"https:\/\/equipdiesel.com\/producto\/clear-captor-filter\/\"]}]},{\"@type\":\"ImageObject\",\"inLanguage\":\"ca\",\"@id\":\"https:\/\/equipdiesel.com\/producto\/clear-captor-filter\/#primaryimage\",\"url\":\"https:\/\/equipdiesel.com\/wp-content\/uploads\/2025\/01\/clear_captor.webp\",\"contentUrl\":\"https:\/\/equipdiesel.com\/wp-content\/uploads\/2025\/01\/clear_captor.webp\",\"width\":600,\"height\":600},{\"@type\":\"BreadcrumbList\",\"@id\":\"https:\/\/equipdiesel.com\/producto\/clear-captor-filter\/#breadcrumb\",\"itemListElement\":[{\"@type\":\"ListItem\",\"position\":1,\"name\":\"Portada\",\"item\":\"https:\/\/equipdiesel.com\/ca\/equip-diesel\/\"},{\"@type\":\"ListItem\",\"position\":2,\"name\":\"Botiga\",\"item\":\"https:\/\/equipdiesel.com\/tienda\/\"},{\"@type\":\"ListItem\",\"position\":3,\"name\":\"Clear Captor Filter\"}]},{\"@type\":\"WebSite\",\"@id\":\"https:\/\/equipdiesel.com\/#website\",\"url\":\"https:\/\/equipdiesel.com\/\",\"name\":\"Equip Diesel Oil\",\"description\":\"Empresa dedicada a las instalaciones y reparaciones petrol\u00edferas, con un equipo que cuenta con m\u00e1s de 15 a\u00f1os de experiencia\",\"potentialAction\":[{\"@type\":\"SearchAction\",\"target\":{\"@type\":\"EntryPoint\",\"urlTemplate\":\"https:\/\/equipdiesel.com\/?s={search_term_string}\"},\"query-input\":{\"@type\":\"PropertyValueSpecification\",\"valueRequired\":true,\"valueName\":\"search_term_string\"}}],\"inLanguage\":\"ca\"}]}<\/script>\n<!-- \/ Yoast SEO plugin. -->","yoast_head_json":{"title":"Clear Captor Filter - Equip Diesel Oil","robots":{"index":"index","follow":"follow","max-snippet":"max-snippet:-1","max-image-preview":"max-image-preview:large","max-video-preview":"max-video-preview:-1"},"canonical":"https:\/\/equipdiesel.com\/producto\/clear-captor-filter\/","og_locale":"ca_ES","og_type":"article","og_title":"Clear Captor Filter - Equip Diesel Oil","og_description":"Filtre combustible di\u00e8sel amb cartutx removible i contenidor transparent per purgar aigua i brut\u00edcia f\u00e0cilment. Per a m\u00e9s informaci\u00f3, visiteu el lloc web.","og_url":"https:\/\/equipdiesel.com\/producto\/clear-captor-filter\/","og_site_name":"Equip Diesel Oil","article_modified_time":"2025-08-20T14:12:20+00:00","og_image":[{"width":600,"height":600,"url":"https:\/\/equipdiesel.com\/wp-content\/uploads\/2025\/01\/clear_captor.webp","type":"image\/webp"}],"twitter_card":"summary_large_image","schema":{"@context":"https:\/\/schema.org","@graph":[{"@type":"WebPage","@id":"https:\/\/equipdiesel.com\/producto\/clear-captor-filter\/","url":"https:\/\/equipdiesel.com\/producto\/clear-captor-filter\/","name":"Clear Captor Filter - Equip Diesel Oil","isPartOf":{"@id":"https:\/\/equipdiesel.com\/#website"},"primaryImageOfPage":{"@id":"https:\/\/equipdiesel.com\/producto\/clear-captor-filter\/#primaryimage"},"image":{"@id":"https:\/\/equipdiesel.com\/producto\/clear-captor-filter\/#primaryimage"},"thumbnailUrl":"https:\/\/equipdiesel.com\/wp-content\/uploads\/2025\/01\/clear_captor.webp","datePublished":"2025-01-22T11:02:53+00:00","dateModified":"2025-08-20T14:12:20+00:00","breadcrumb":{"@id":"https:\/\/equipdiesel.com\/producto\/clear-captor-filter\/#breadcrumb"},"inLanguage":"ca","potentialAction":[{"@type":"ReadAction","target":["https:\/\/equipdiesel.com\/producto\/clear-captor-filter\/"]}]},{"@type":"ImageObject","inLanguage":"ca","@id":"https:\/\/equipdiesel.com\/producto\/clear-captor-filter\/#primaryimage","url":"https:\/\/equipdiesel.com\/wp-content\/uploads\/2025\/01\/clear_captor.webp","contentUrl":"https:\/\/equipdiesel.com\/wp-content\/uploads\/2025\/01\/clear_captor.webp","width":600,"height":600},{"@type":"BreadcrumbList","@id":"https:\/\/equipdiesel.com\/producto\/clear-captor-filter\/#breadcrumb","itemListElement":[{"@type":"ListItem","position":1,"name":"Portada","item":"https:\/\/equipdiesel.com\/ca\/equip-diesel\/"},{"@type":"ListItem","position":2,"name":"Botiga","item":"https:\/\/equipdiesel.com\/tienda\/"},{"@type":"ListItem","position":3,"name":"Clear Captor Filter"}]},{"@type":"WebSite","@id":"https:\/\/equipdiesel.com\/#website","url":"https:\/\/equipdiesel.com\/","name":"Equip Diesel Oil","description":"Empresa dedicada a las instalaciones y reparaciones petrol\u00edferas, con un equipo que cuenta con m\u00e1s de 15 a\u00f1os de experiencia","potentialAction":[{"@type":"SearchAction","target":{"@type":"EntryPoint","urlTemplate":"https:\/\/equipdiesel.com\/?s={search_term_string}"},"query-input":{"@type":"PropertyValueSpecification","valueRequired":true,"valueName":"search_term_string"}}],"inLanguage":"ca"}]}},"_links":{"self":[{"href":"https:\/\/equipdiesel.com\/ca\/wp-json\/wp\/v2\/product\/1884","targetHints":{"allow":["GET"]}}],"collection":[{"href":"https:\/\/equipdiesel.com\/ca\/wp-json\/wp\/v2\/product"}],"about":[{"href":"https:\/\/equipdiesel.com\/ca\/wp-json\/wp\/v2\/types\/product"}],"replies":[{"embeddable":true,"href":"https:\/\/equipdiesel.com\/ca\/wp-json\/wp\/v2\/comments?post=1884"}],"wp:featuredmedia":[{"embeddable":true,"href":"https:\/\/equipdiesel.com\/ca\/wp-json\/wp\/v2\/media\/1806"}],"wp:attachment":[{"href":"https:\/\/equipdiesel.com\/ca\/wp-json\/wp\/v2\/media?parent=1884"}],"wp:term":[{"taxonomy":"product_brand","embeddable":true,"href":"https:\/\/equipdiesel.com\/ca\/wp-json\/wp\/v2\/product_brand?post=1884"},{"taxonomy":"product_cat","embeddable":true,"href":"https:\/\/equipdiesel.com\/ca\/wp-json\/wp\/v2\/product_cat?post=1884"},{"taxonomy":"product_tag","embeddable":true,"href":"https:\/\/equipdiesel.com\/ca\/wp-json\/wp\/v2\/product_tag?post=1884"}],"curies":[{"name":"wp","href":"https:\/\/api.w.org\/{rel}","templated":true}]}}