{"id":1882,"date":"2025-01-27T10:46:29","date_gmt":"2025-01-27T09:46:29","guid":{"rendered":"https:\/\/equipdiesel.com\/producto\/viscotroll-gear\/"},"modified":"2025-08-20T16:09:33","modified_gmt":"2025-08-20T14:09:33","slug":"viscotroll-gear","status":"publish","type":"product","link":"https:\/\/equipdiesel.com\/ca\/producto\/viscotroll-gear\/","title":{"rendered":"Viscotroll Gear"},"content":{"rendered":"<p><span dir=\"auto\" style=\"vertical-align: inherit;\"><span dir=\"auto\" style=\"vertical-align: inherit;\">Viscotroll Gear \u00e9s un\u00a0 <\/span><\/span><strong><span dir=\"auto\" style=\"vertical-align: inherit;\"><span dir=\"auto\" style=\"vertical-align: inherit;\">kit de transfer\u00e8ncia doli port\u00e0til disponible a les versions de CA i CC.<\/span><\/span><\/strong><\/p>\n<p><span dir=\"auto\" style=\"vertical-align: inherit;\"><span dir=\"auto\" style=\"vertical-align: inherit;\">La versi\u00f3 de CA permet connectar la unitat de transfer\u00e8ncia d&#8217;oli a qualsevol presa de corrent sense necessitat d&#8217;aire comprimit, mentre que la versi\u00f3 de CC ve amb una bateria recarregable que, a m\u00e9s del carret\u00f3 sobre el qual descansa el tanc, garanteix un \u00fas vers\u00e0til del kit de transfer\u00e8ncia d&#8217;oli per a aquells que necessiten moure la unitat de transfer\u00e8ncia d&#8217;oli per l&#8217;entorn de treball.<\/span><\/span><\/p>\n<p><strong><br \/>\n<\/strong><strong><span dir=\"auto\" style=\"vertical-align: inherit;\"><span dir=\"auto\" style=\"vertical-align: inherit;\">LLEST PER UTILITZAR<\/span><\/span><\/strong><\/p>\n<p><span dir=\"auto\" style=\"vertical-align: inherit;\"><span dir=\"auto\" style=\"vertical-align: inherit;\">El kit de transfer\u00e8ncia d&#8217;oli per a engranatges Viscotroll <\/span><\/span><strong><span dir=\"auto\" style=\"vertical-align: inherit;\"><span dir=\"auto\" style=\"vertical-align: inherit;\">\u00a0ve complet amb tot\u00a0<\/span><\/span><\/strong><span dir=\"auto\" style=\"vertical-align: inherit;\"><span dir=\"auto\" style=\"vertical-align: inherit;\"> i consisteix en una pistola PIUSI K400 Meter o Easyoil amb sistema de muntatge digital incorporat, un tub de succi\u00f3 de 1&#8243; BSP amb v\u00e0lvula de fons que garanteix una sola direcci\u00f3 del flux d&#8217;oli dispensat per evitar casos de reflux o buidatge.<\/span><\/span><\/p>\n<p><span dir=\"auto\" style=\"vertical-align: inherit;\"><span dir=\"auto\" style=\"vertical-align: inherit;\">L&#8217;oli lubricant t\u00e9 la caracter\u00edstica de ser esp\u00e8s, comparat amb altres tipus de fluids i, per tant, cal transferir-lo amb una bomba m\u00e9s forta.<\/span><\/span><\/p>\n<p><span dir=\"auto\" style=\"vertical-align: inherit;\"><span dir=\"auto\" style=\"vertical-align: inherit;\">Per aquesta ra\u00f3, el kit de transfer\u00e8ncia d&#8217;oli per a engranatges Viscotroll est\u00e0 compost per la bomba autocebant per a engranatges PIUSI Viscomat Gear, adequada en el cas d&#8217;olis usats que de vegades poden contenir contaminants perillosos per al funcionament correcte de la bomba. La bomba d&#8217;engranatges Viscomat Gear \u00e9s m\u00e9s segura en aquests casos perqu\u00e8, en comparaci\u00f3 del model Vane, garanteix un funcionament suau i sense bloquejos als engranatges, a causa de possibles contaminants a l&#8217;oli durant la fase de transfer\u00e8ncia.<\/span><\/span><\/p>\n","protected":false},"excerpt":{"rendered":"<p><span dir=\"auto\" style=\"vertical-align: inherit;\"><span dir=\"auto\" style=\"vertical-align: inherit;\">Viscotroll Gear: soluci\u00f3 ideal per transvasar oli. Kit m\u00f2bil transvasament oli port\u00e0til que inclou pistola PIUSI K400 i tub de succi\u00f3 antireflux.<\/span><\/span><\/p>\n","protected":false},"featured_media":1807,"comment_status":"open","ping_status":"closed","template":"","meta":[],"product_brand":[],"product_cat":[44],"product_tag":[],"class_list":{"0":"post-1882","1":"product","2":"type-product","3":"status-publish","4":"has-post-thumbnail","6":"product_cat-filtres","8":"first","9":"instock","10":"shipping-taxable","11":"purchasable","12":"product-type-simple"},"yoast_head":"<!-- This site is optimized with the Yoast SEO plugin v25.7 - https:\/\/yoast.com\/wordpress\/plugins\/seo\/ -->\n<title>Viscotroll Gear - Equip Diesel Oil<\/title>\n<meta name=\"robots\" content=\"index, follow, max-snippet:-1, max-image-preview:large, max-video-preview:-1\" \/>\n<link rel=\"canonical\" href=\"https:\/\/equipdiesel.com\/producto\/viscotroll-gear\/\" \/>\n<meta property=\"og:locale\" content=\"ca_ES\" \/>\n<meta property=\"og:type\" content=\"article\" \/>\n<meta property=\"og:title\" content=\"Viscotroll Gear - Equip Diesel Oil\" \/>\n<meta property=\"og:description\" content=\"Viscotroll Gear: soluci\u00f3 ideal per transvasar oli. Kit m\u00f2bil transvasament oli port\u00e0til que inclou pistola PIUSI K400 i tub de succi\u00f3 antireflux.\" \/>\n<meta property=\"og:url\" content=\"https:\/\/equipdiesel.com\/producto\/viscotroll-gear\/\" \/>\n<meta property=\"og:site_name\" content=\"Equip Diesel Oil\" \/>\n<meta property=\"article:modified_time\" content=\"2025-08-20T14:09:33+00:00\" \/>\n<meta property=\"og:image\" content=\"https:\/\/equipdiesel.com\/wp-content\/uploads\/2025\/01\/viscotroll_piusi.webp\" \/>\n\t<meta property=\"og:image:width\" content=\"600\" \/>\n\t<meta property=\"og:image:height\" content=\"600\" \/>\n\t<meta property=\"og:image:type\" content=\"image\/webp\" \/>\n<meta name=\"twitter:card\" content=\"summary_large_image\" \/>\n<meta name=\"twitter:label1\" content=\"Temps estimat de lectura\" \/>\n\t<meta name=\"twitter:data1\" content=\"1 minut\" \/>\n<script type=\"application\/ld+json\" class=\"yoast-schema-graph\">{\"@context\":\"https:\/\/schema.org\",\"@graph\":[{\"@type\":\"WebPage\",\"@id\":\"https:\/\/equipdiesel.com\/producto\/viscotroll-gear\/\",\"url\":\"https:\/\/equipdiesel.com\/producto\/viscotroll-gear\/\",\"name\":\"Viscotroll Gear - Equip Diesel Oil\",\"isPartOf\":{\"@id\":\"https:\/\/equipdiesel.com\/#website\"},\"primaryImageOfPage\":{\"@id\":\"https:\/\/equipdiesel.com\/producto\/viscotroll-gear\/#primaryimage\"},\"image\":{\"@id\":\"https:\/\/equipdiesel.com\/producto\/viscotroll-gear\/#primaryimage\"},\"thumbnailUrl\":\"https:\/\/equipdiesel.com\/wp-content\/uploads\/2025\/01\/viscotroll_piusi.webp\",\"datePublished\":\"2025-01-27T09:46:29+00:00\",\"dateModified\":\"2025-08-20T14:09:33+00:00\",\"breadcrumb\":{\"@id\":\"https:\/\/equipdiesel.com\/producto\/viscotroll-gear\/#breadcrumb\"},\"inLanguage\":\"ca\",\"potentialAction\":[{\"@type\":\"ReadAction\",\"target\":[\"https:\/\/equipdiesel.com\/producto\/viscotroll-gear\/\"]}]},{\"@type\":\"ImageObject\",\"inLanguage\":\"ca\",\"@id\":\"https:\/\/equipdiesel.com\/producto\/viscotroll-gear\/#primaryimage\",\"url\":\"https:\/\/equipdiesel.com\/wp-content\/uploads\/2025\/01\/viscotroll_piusi.webp\",\"contentUrl\":\"https:\/\/equipdiesel.com\/wp-content\/uploads\/2025\/01\/viscotroll_piusi.webp\",\"width\":600,\"height\":600},{\"@type\":\"BreadcrumbList\",\"@id\":\"https:\/\/equipdiesel.com\/producto\/viscotroll-gear\/#breadcrumb\",\"itemListElement\":[{\"@type\":\"ListItem\",\"position\":1,\"name\":\"Portada\",\"item\":\"https:\/\/equipdiesel.com\/ca\/equip-diesel\/\"},{\"@type\":\"ListItem\",\"position\":2,\"name\":\"Botiga\",\"item\":\"https:\/\/equipdiesel.com\/tienda\/\"},{\"@type\":\"ListItem\",\"position\":3,\"name\":\"Viscotroll Gear\"}]},{\"@type\":\"WebSite\",\"@id\":\"https:\/\/equipdiesel.com\/#website\",\"url\":\"https:\/\/equipdiesel.com\/\",\"name\":\"Equip Diesel Oil\",\"description\":\"Empresa dedicada a las instalaciones y reparaciones petrol\u00edferas, con un equipo que cuenta con m\u00e1s de 15 a\u00f1os de experiencia\",\"potentialAction\":[{\"@type\":\"SearchAction\",\"target\":{\"@type\":\"EntryPoint\",\"urlTemplate\":\"https:\/\/equipdiesel.com\/?s={search_term_string}\"},\"query-input\":{\"@type\":\"PropertyValueSpecification\",\"valueRequired\":true,\"valueName\":\"search_term_string\"}}],\"inLanguage\":\"ca\"}]}<\/script>\n<!-- \/ Yoast SEO plugin. -->","yoast_head_json":{"title":"Viscotroll Gear - Equip Diesel Oil","robots":{"index":"index","follow":"follow","max-snippet":"max-snippet:-1","max-image-preview":"max-image-preview:large","max-video-preview":"max-video-preview:-1"},"canonical":"https:\/\/equipdiesel.com\/producto\/viscotroll-gear\/","og_locale":"ca_ES","og_type":"article","og_title":"Viscotroll Gear - Equip Diesel Oil","og_description":"Viscotroll Gear: soluci\u00f3 ideal per transvasar oli. Kit m\u00f2bil transvasament oli port\u00e0til que inclou pistola PIUSI K400 i tub de succi\u00f3 antireflux.","og_url":"https:\/\/equipdiesel.com\/producto\/viscotroll-gear\/","og_site_name":"Equip Diesel Oil","article_modified_time":"2025-08-20T14:09:33+00:00","og_image":[{"width":600,"height":600,"url":"https:\/\/equipdiesel.com\/wp-content\/uploads\/2025\/01\/viscotroll_piusi.webp","type":"image\/webp"}],"twitter_card":"summary_large_image","twitter_misc":{"Temps estimat de lectura":"1 minut"},"schema":{"@context":"https:\/\/schema.org","@graph":[{"@type":"WebPage","@id":"https:\/\/equipdiesel.com\/producto\/viscotroll-gear\/","url":"https:\/\/equipdiesel.com\/producto\/viscotroll-gear\/","name":"Viscotroll Gear - Equip Diesel Oil","isPartOf":{"@id":"https:\/\/equipdiesel.com\/#website"},"primaryImageOfPage":{"@id":"https:\/\/equipdiesel.com\/producto\/viscotroll-gear\/#primaryimage"},"image":{"@id":"https:\/\/equipdiesel.com\/producto\/viscotroll-gear\/#primaryimage"},"thumbnailUrl":"https:\/\/equipdiesel.com\/wp-content\/uploads\/2025\/01\/viscotroll_piusi.webp","datePublished":"2025-01-27T09:46:29+00:00","dateModified":"2025-08-20T14:09:33+00:00","breadcrumb":{"@id":"https:\/\/equipdiesel.com\/producto\/viscotroll-gear\/#breadcrumb"},"inLanguage":"ca","potentialAction":[{"@type":"ReadAction","target":["https:\/\/equipdiesel.com\/producto\/viscotroll-gear\/"]}]},{"@type":"ImageObject","inLanguage":"ca","@id":"https:\/\/equipdiesel.com\/producto\/viscotroll-gear\/#primaryimage","url":"https:\/\/equipdiesel.com\/wp-content\/uploads\/2025\/01\/viscotroll_piusi.webp","contentUrl":"https:\/\/equipdiesel.com\/wp-content\/uploads\/2025\/01\/viscotroll_piusi.webp","width":600,"height":600},{"@type":"BreadcrumbList","@id":"https:\/\/equipdiesel.com\/producto\/viscotroll-gear\/#breadcrumb","itemListElement":[{"@type":"ListItem","position":1,"name":"Portada","item":"https:\/\/equipdiesel.com\/ca\/equip-diesel\/"},{"@type":"ListItem","position":2,"name":"Botiga","item":"https:\/\/equipdiesel.com\/tienda\/"},{"@type":"ListItem","position":3,"name":"Viscotroll Gear"}]},{"@type":"WebSite","@id":"https:\/\/equipdiesel.com\/#website","url":"https:\/\/equipdiesel.com\/","name":"Equip Diesel Oil","description":"Empresa dedicada a las instalaciones y reparaciones petrol\u00edferas, con un equipo que cuenta con m\u00e1s de 15 a\u00f1os de experiencia","potentialAction":[{"@type":"SearchAction","target":{"@type":"EntryPoint","urlTemplate":"https:\/\/equipdiesel.com\/?s={search_term_string}"},"query-input":{"@type":"PropertyValueSpecification","valueRequired":true,"valueName":"search_term_string"}}],"inLanguage":"ca"}]}},"_links":{"self":[{"href":"https:\/\/equipdiesel.com\/ca\/wp-json\/wp\/v2\/product\/1882","targetHints":{"allow":["GET"]}}],"collection":[{"href":"https:\/\/equipdiesel.com\/ca\/wp-json\/wp\/v2\/product"}],"about":[{"href":"https:\/\/equipdiesel.com\/ca\/wp-json\/wp\/v2\/types\/product"}],"replies":[{"embeddable":true,"href":"https:\/\/equipdiesel.com\/ca\/wp-json\/wp\/v2\/comments?post=1882"}],"wp:featuredmedia":[{"embeddable":true,"href":"https:\/\/equipdiesel.com\/ca\/wp-json\/wp\/v2\/media\/1807"}],"wp:attachment":[{"href":"https:\/\/equipdiesel.com\/ca\/wp-json\/wp\/v2\/media?parent=1882"}],"wp:term":[{"taxonomy":"product_brand","embeddable":true,"href":"https:\/\/equipdiesel.com\/ca\/wp-json\/wp\/v2\/product_brand?post=1882"},{"taxonomy":"product_cat","embeddable":true,"href":"https:\/\/equipdiesel.com\/ca\/wp-json\/wp\/v2\/product_cat?post=1882"},{"taxonomy":"product_tag","embeddable":true,"href":"https:\/\/equipdiesel.com\/ca\/wp-json\/wp\/v2\/product_tag?post=1882"}],"curies":[{"name":"wp","href":"https:\/\/api.w.org\/{rel}","templated":true}]}}