{"id":1831,"date":"2018-06-14T11:19:19","date_gmt":"2018-06-14T09:19:19","guid":{"rendered":"https:\/\/equipdiesel.com\/blog\/"},"modified":"2025-08-19T18:06:02","modified_gmt":"2025-08-19T16:06:02","slug":"blog","status":"publish","type":"page","link":"https:\/\/equipdiesel.com\/ca\/blog\/","title":{"rendered":"Blog"},"content":{"rendered":"<p><div class=\"fusion-fullwidth fullwidth-box fusion-builder-row-1 fusion-flex-container fusion-parallax-none nonhundred-percent-fullwidth non-hundred-percent-height-scrolling lazyload fusion-custom-z-index\" style=\"--awb-border-radius-top-left:0px;--awb-border-radius-top-right:0px;--awb-border-radius-bottom-right:0px;--awb-border-radius-bottom-left:0px;--awb-z-index:0;--awb-padding-top:5%;--awb-padding-bottom:5%;--awb-background-image:linear-gradient(180deg, var(--awb-color1) 0%,rgba(255,255,255,0.64) 100%);;--awb-background-size:cover;--awb-flex-wrap:wrap;\" data-bg=\"https:\/\/equipdiesel.com\/wp-content\/uploads\/2025\/01\/header-blog-equip-diesel.jpg\" data-bg-gradient=\"linear-gradient(180deg, var(--awb-color1) 0%,rgba(255,255,255,0.64) 100%)\" ><div class=\"fusion-builder-row fusion-row fusion-flex-align-items-flex-start fusion-flex-content-wrap\" style=\"max-width:calc( 1300px + 0px );margin-left: calc(-0px \/ 2 );margin-right: calc(-0px \/ 2 );\"><div class=\"fusion-layout-column fusion_builder_column fusion-builder-column-0 fusion_builder_column_1_1 1_1 fusion-flex-column fusion-animated\" style=\"--awb-bg-size:cover;--awb-width-large:100%;--awb-margin-top-large:0px;--awb-spacing-right-large:0px;--awb-margin-bottom-large:0px;--awb-spacing-left-large:0px;--awb-width-medium:100%;--awb-spacing-right-medium:0px;--awb-spacing-left-medium:0px;--awb-width-small:100%;--awb-spacing-right-small:0px;--awb-spacing-left-small:0px;\" data-animationType=\"fadeInDown\" data-animationDuration=\"0.6\" data-animationOffset=\"top-into-view\"><div class=\"fusion-column-wrapper fusion-flex-justify-content-flex-start fusion-content-layout-column\"><div class=\"fusion-title title fusion-title-1 fusion-sep-none fusion-title-center fusion-title-text fusion-title-size-one\" style=\"--awb-margin-bottom:0px;\"><h1 class=\"fusion-title-heading title-heading-center\" style=\"margin:0;\">BLOG<\/h1><\/div><\/div><\/div><\/div><\/div><div class=\"fusion-fullwidth fullwidth-box fusion-builder-row-2 fusion-flex-container nonhundred-percent-fullwidth non-hundred-percent-height-scrolling\" style=\"--awb-border-radius-top-left:0px;--awb-border-radius-top-right:0px;--awb-border-radius-bottom-right:0px;--awb-border-radius-bottom-left:0px;--awb-padding-top:6%;--awb-padding-bottom:7%;--awb-flex-wrap:wrap;\" ><div class=\"fusion-builder-row fusion-row fusion-flex-align-items-flex-start fusion-flex-content-wrap\" style=\"max-width:calc( 1300px + 0px );margin-left: calc(-0px \/ 2 );margin-right: calc(-0px \/ 2 );\"><div class=\"fusion-layout-column fusion_builder_column fusion-builder-column-1 fusion_builder_column_1_1 1_1 fusion-flex-column fusion-animated\" style=\"--awb-bg-size:cover;--awb-width-large:100%;--awb-margin-top-large:40px;--awb-spacing-right-large:0px;--awb-margin-bottom-large:30px;--awb-spacing-left-large:0px;--awb-width-medium:100%;--awb-spacing-right-medium:0px;--awb-spacing-left-medium:0px;--awb-width-small:100%;--awb-spacing-right-small:0px;--awb-spacing-left-small:0px;\" data-animationType=\"fadeInUp\" data-animationDuration=\"0.6\" data-animationOffset=\"top-into-view\"><div class=\"fusion-column-wrapper fusion-flex-justify-content-flex-start fusion-content-layout-column\"><div class=\"fusion-post-cards fusion-post-cards-1 fusion-grid-archive fusion-grid-columns-3\" style=\"--awb-dots-align:center;--awb-columns:3;--awb-active-filter-border-size:3px;--awb-filters-height:36px;\"><ul class=\"fusion-grid fusion-grid-3 fusion-flex-align-items-stretch fusion-grid-posts-cards\"><li class=\"fusion-layout-column fusion_builder_column fusion-builder-column-2 fusion-flex-column post-card fusion-grid-column fusion-post-cards-grid-column\" style=\"--awb-bg-blend:overlay;--awb-bg-size:cover;--awb-border-color:var(--awb-color3);--awb-border-top:1px;--awb-border-right:1px;--awb-border-bottom:1px;--awb-border-left:1px;\"><div class=\"fusion-column-wrapper fusion-flex-justify-content-flex-start fusion-content-layout-column\"><div class=\"fusion-classic-product-image-wrapper fusion-woo-product-image fusion-post-card-image fusion-post-card-image-1 has-aspect-ratio\" data-layout=\"rollover\" style=\"--awb-aspect-ratio:1.6666666666667;\"><div  class=\"fusion-image-wrapper\" aria-haspopup=\"true\">\n\t\t\t\t<img decoding=\"async\" width=\"1500\" height=\"1000\" src=\"https:\/\/equipdiesel.com\/wp-content\/uploads\/2018\/06\/blog-01.jpg\" class=\"attachment-full size-full lazyload wp-post-image\" alt=\"\" srcset=\"data:image\/svg+xml,%3Csvg%20xmlns%3D%27http%3A%2F%2Fwww.w3.org%2F2000%2Fsvg%27%20width%3D%271500%27%20height%3D%271000%27%20viewBox%3D%270%200%201500%201000%27%3E%3Crect%20width%3D%271500%27%20height%3D%271000%27%20fill-opacity%3D%220%22%2F%3E%3C%2Fsvg%3E\" data-orig-src=\"https:\/\/equipdiesel.com\/wp-content\/uploads\/2018\/06\/blog-01.jpg\" data-srcset=\"https:\/\/equipdiesel.com\/wp-content\/uploads\/2018\/06\/blog-01-200x133.jpg 200w, https:\/\/equipdiesel.com\/wp-content\/uploads\/2018\/06\/blog-01-400x267.jpg 400w, https:\/\/equipdiesel.com\/wp-content\/uploads\/2018\/06\/blog-01-600x400.jpg 600w, https:\/\/equipdiesel.com\/wp-content\/uploads\/2018\/06\/blog-01-800x533.jpg 800w, https:\/\/equipdiesel.com\/wp-content\/uploads\/2018\/06\/blog-01-1200x800.jpg 1200w, https:\/\/equipdiesel.com\/wp-content\/uploads\/2018\/06\/blog-01.jpg 1500w\" data-sizes=\"auto\" \/><div class=\"fusion-rollover\">\n\t<div class=\"fusion-rollover-content\">\n\n\t\t\t\t\t\t\t\t\t\t\t\t\t\t<a class=\"fusion-rollover-link\" href=\"https:\/\/equipdiesel.com\/ca\/nova-linia-de-sortidors-piusi\/\">Nova l\u00ednia de sortidors PIUSI<\/a>\n\t\t\t\n\t\t\t\t\t\t\t\t\n\t\t\n\t\t\t\t\t\t\t\t\n\t\t\t\t\t\t\t\t\n\t\t\n\t\t\t\t\t\t<a class=\"fusion-link-wrapper\" href=\"https:\/\/equipdiesel.com\/ca\/nova-linia-de-sortidors-piusi\/\" aria-label=\"Nova l\u00ednia de sortidors PIUSI\"><\/a>\n\t<\/div>\n<\/div>\n<\/div>\n<\/div><div class=\"fusion-builder-row fusion-builder-row-inner fusion-row fusion-flex-align-items-flex-start fusion-flex-content-wrap\" style=\"width:calc( 100% + 0px ) !important;max-width:calc( 100% + 0px ) !important;margin-left: calc(-0px \/ 2 );margin-right: calc(-0px \/ 2 );\"><div class=\"fusion-layout-column fusion_builder_column_inner fusion-builder-nested-column-0 fusion_builder_column_inner_1_1 1_1 fusion-flex-column\" style=\"--awb-padding-right:30px;--awb-padding-left:30px;--awb-bg-size:cover;--awb-width-large:100%;--awb-margin-top-large:0px;--awb-spacing-right-large:0px;--awb-margin-bottom-large:0px;--awb-spacing-left-large:0px;--awb-width-medium:100%;--awb-order-medium:0;--awb-spacing-right-medium:0px;--awb-spacing-left-medium:0px;--awb-width-small:100%;--awb-order-small:0;--awb-spacing-right-small:0px;--awb-spacing-left-small:0px;\"><div class=\"fusion-column-wrapper fusion-column-has-shadow fusion-flex-justify-content-flex-start fusion-content-layout-column\"><div class=\"fusion-title title fusion-title-2 fusion-sep-none fusion-title-center fusion-title-text fusion-title-size-two\" style=\"--awb-margin-top:30px;--awb-margin-bottom:10px;--awb-margin-top-small:30px;--awb-link-hover-color:var(--awb-color5);--awb-font-size:34px;\"><h2 class=\"fusion-title-heading title-heading-center\" style=\"margin:0;font-size:1em;\"><a href=\"https:\/\/equipdiesel.com\/ca\/nova-linia-de-sortidors-piusi\/\" class=\"awb-custom-text-color awb-custom-text-hover-color\" target=\"_self\">Nova l\u00ednia de sortidors PIUSI<\/a><\/h2><\/div><div class=\"fusion-meta-tb fusion-meta-tb-1 floated\" style=\"--awb-border-top:0px;--awb-height:45px;--awb-margin-bottom:20px;--awb-text-color:var(--awb-color6);--awb-alignment:center;--awb-alignment-medium:center;--awb-alignment-small:center;\"><span class=\"fusion-tb-modified-date\">agost 20th, 2025<\/span><span class=\"fusion-meta-tb-sep\"><\/span><\/div><div class=\"fusion-content-tb fusion-content-tb-1\" style=\"--awb-content-alignment:center;\"><p> Lorem ipsum dolor sit amet, consectetur adipiscing elit. Nullam eget mauris purus. Donec et dapibus eros. Cras maximus<\/p><\/div><\/div><\/div><\/div><div class=\"fusion-separator fusion-full-width-sep\" style=\"align-self: center;margin-left: auto;margin-right: auto;flex-grow:1;width:100%;\"><\/div><div class=\"fusion-meta-tb fusion-meta-tb-2 floated\" style=\"--awb-border-bottom:0px;--awb-border-top:0px;--awb-height:40px;--awb-margin-bottom:20px;--awb-text-color:var(--awb-color5);--awb-alignment:center;--awb-alignment-medium:center;--awb-alignment-small:center;\"><span class=\"fusion-tb-comments\"><a href=\"https:\/\/equipdiesel.com\/ca\/nova-linia-de-sortidors-piusi\/#respond\"><i class=\"awb-icon-bubbles\"><\/i> 0<span class=\"screen-reader-text\"> comments on Nova l\u00ednia de sortidors PIUSI<\/span><\/a><\/span><span class=\"fusion-meta-tb-sep\"><\/span><\/div><\/div><\/li>\n<li class=\"fusion-layout-column fusion_builder_column fusion-builder-column-3 fusion-flex-column post-card fusion-grid-column fusion-post-cards-grid-column\" style=\"--awb-bg-blend:overlay;--awb-bg-size:cover;--awb-border-color:var(--awb-color3);--awb-border-top:1px;--awb-border-right:1px;--awb-border-bottom:1px;--awb-border-left:1px;\"><div class=\"fusion-column-wrapper fusion-flex-justify-content-flex-start fusion-content-layout-column\"><div class=\"fusion-classic-product-image-wrapper fusion-woo-product-image fusion-post-card-image fusion-post-card-image-1 has-aspect-ratio\" data-layout=\"rollover\" style=\"--awb-aspect-ratio:1.6666666666667;\"><div  class=\"fusion-image-wrapper\" aria-haspopup=\"true\">\n\t\t\t\t<img decoding=\"async\" width=\"1500\" height=\"1000\" src=\"https:\/\/equipdiesel.com\/wp-content\/uploads\/2018\/06\/blog-02.jpg\" class=\"attachment-full size-full lazyload wp-post-image\" alt=\"\" srcset=\"data:image\/svg+xml,%3Csvg%20xmlns%3D%27http%3A%2F%2Fwww.w3.org%2F2000%2Fsvg%27%20width%3D%271500%27%20height%3D%271000%27%20viewBox%3D%270%200%201500%201000%27%3E%3Crect%20width%3D%271500%27%20height%3D%271000%27%20fill-opacity%3D%220%22%2F%3E%3C%2Fsvg%3E\" data-orig-src=\"https:\/\/equipdiesel.com\/wp-content\/uploads\/2018\/06\/blog-02.jpg\" data-srcset=\"https:\/\/equipdiesel.com\/wp-content\/uploads\/2018\/06\/blog-02-200x133.jpg 200w, https:\/\/equipdiesel.com\/wp-content\/uploads\/2018\/06\/blog-02-400x267.jpg 400w, https:\/\/equipdiesel.com\/wp-content\/uploads\/2018\/06\/blog-02-600x400.jpg 600w, https:\/\/equipdiesel.com\/wp-content\/uploads\/2018\/06\/blog-02-800x533.jpg 800w, https:\/\/equipdiesel.com\/wp-content\/uploads\/2018\/06\/blog-02-1200x800.jpg 1200w, https:\/\/equipdiesel.com\/wp-content\/uploads\/2018\/06\/blog-02.jpg 1500w\" data-sizes=\"auto\" \/><div class=\"fusion-rollover\">\n\t<div class=\"fusion-rollover-content\">\n\n\t\t\t\t\t\t\t\t\t\t\t\t\t\t<a class=\"fusion-rollover-link\" href=\"https:\/\/equipdiesel.com\/ca\/gestio-eficient-adblue\/\">Gesti\u00f3 eficient d&#8217;AdBlue<\/a>\n\t\t\t\n\t\t\t\t\t\t\t\t\n\t\t\n\t\t\t\t\t\t\t\t\n\t\t\t\t\t\t\t\t\n\t\t\n\t\t\t\t\t\t<a class=\"fusion-link-wrapper\" href=\"https:\/\/equipdiesel.com\/ca\/gestio-eficient-adblue\/\" aria-label=\"Gesti\u00f3 eficient d&#8217;AdBlue\"><\/a>\n\t<\/div>\n<\/div>\n<\/div>\n<\/div><div class=\"fusion-builder-row fusion-builder-row-inner fusion-row fusion-flex-align-items-flex-start fusion-flex-content-wrap\" style=\"width:calc( 100% + 0px ) !important;max-width:calc( 100% + 0px ) !important;margin-left: calc(-0px \/ 2 );margin-right: calc(-0px \/ 2 );\"><div class=\"fusion-layout-column fusion_builder_column_inner fusion-builder-nested-column-1 fusion_builder_column_inner_1_1 1_1 fusion-flex-column\" style=\"--awb-padding-right:30px;--awb-padding-left:30px;--awb-bg-size:cover;--awb-width-large:100%;--awb-margin-top-large:0px;--awb-spacing-right-large:0px;--awb-margin-bottom-large:0px;--awb-spacing-left-large:0px;--awb-width-medium:100%;--awb-order-medium:0;--awb-spacing-right-medium:0px;--awb-spacing-left-medium:0px;--awb-width-small:100%;--awb-order-small:0;--awb-spacing-right-small:0px;--awb-spacing-left-small:0px;\"><div class=\"fusion-column-wrapper fusion-column-has-shadow fusion-flex-justify-content-flex-start fusion-content-layout-column\"><div class=\"fusion-title title fusion-title-3 fusion-sep-none fusion-title-center fusion-title-text fusion-title-size-two\" style=\"--awb-margin-top:30px;--awb-margin-bottom:10px;--awb-margin-top-small:30px;--awb-link-hover-color:var(--awb-color5);--awb-font-size:34px;\"><h2 class=\"fusion-title-heading title-heading-center\" style=\"margin:0;font-size:1em;\"><a href=\"https:\/\/equipdiesel.com\/ca\/gestio-eficient-adblue\/\" class=\"awb-custom-text-color awb-custom-text-hover-color\" target=\"_self\">Gesti\u00f3 eficient d&#8217;AdBlue<\/a><\/h2><\/div><div class=\"fusion-meta-tb fusion-meta-tb-3 floated\" style=\"--awb-border-top:0px;--awb-height:45px;--awb-margin-bottom:20px;--awb-text-color:var(--awb-color6);--awb-alignment:center;--awb-alignment-medium:center;--awb-alignment-small:center;\"><span class=\"fusion-tb-modified-date\">agost 20th, 2025<\/span><span class=\"fusion-meta-tb-sep\"><\/span><\/div><div class=\"fusion-content-tb fusion-content-tb-2\" style=\"--awb-content-alignment:center;\"><p> Lorem ipsum dolor sit amet, consectetur adipiscing elit. Nullam eget mauris purus. Donec et dapibus eros. Cras maximus<\/p><\/div><\/div><\/div><\/div><div class=\"fusion-separator fusion-full-width-sep\" style=\"align-self: center;margin-left: auto;margin-right: auto;flex-grow:1;width:100%;\"><\/div><div class=\"fusion-meta-tb fusion-meta-tb-4 floated\" style=\"--awb-border-bottom:0px;--awb-border-top:0px;--awb-height:40px;--awb-margin-bottom:20px;--awb-text-color:var(--awb-color5);--awb-alignment:center;--awb-alignment-medium:center;--awb-alignment-small:center;\"><span class=\"fusion-tb-comments\"><a href=\"https:\/\/equipdiesel.com\/ca\/gestio-eficient-adblue\/#respond\"><i class=\"awb-icon-bubbles\"><\/i> 0<span class=\"screen-reader-text\"> comments on Gesti\u00f3 eficient d&#8217;AdBlue<\/span><\/a><\/span><span class=\"fusion-meta-tb-sep\"><\/span><\/div><\/div><\/li>\n<li class=\"fusion-layout-column fusion_builder_column fusion-builder-column-4 fusion-flex-column post-card fusion-grid-column fusion-post-cards-grid-column\" style=\"--awb-bg-blend:overlay;--awb-bg-size:cover;--awb-border-color:var(--awb-color3);--awb-border-top:1px;--awb-border-right:1px;--awb-border-bottom:1px;--awb-border-left:1px;\"><div class=\"fusion-column-wrapper fusion-flex-justify-content-flex-start fusion-content-layout-column\"><div class=\"fusion-classic-product-image-wrapper fusion-woo-product-image fusion-post-card-image fusion-post-card-image-1 has-aspect-ratio\" data-layout=\"rollover\" style=\"--awb-aspect-ratio:1.6666666666667;\"><div  class=\"fusion-image-wrapper\" aria-haspopup=\"true\">\n\t\t\t\t<img decoding=\"async\" width=\"1500\" height=\"1000\" src=\"https:\/\/equipdiesel.com\/wp-content\/uploads\/2018\/06\/blog-03.jpg\" class=\"attachment-full size-full lazyload wp-post-image\" alt=\"\" srcset=\"data:image\/svg+xml,%3Csvg%20xmlns%3D%27http%3A%2F%2Fwww.w3.org%2F2000%2Fsvg%27%20width%3D%271500%27%20height%3D%271000%27%20viewBox%3D%270%200%201500%201000%27%3E%3Crect%20width%3D%271500%27%20height%3D%271000%27%20fill-opacity%3D%220%22%2F%3E%3C%2Fsvg%3E\" data-orig-src=\"https:\/\/equipdiesel.com\/wp-content\/uploads\/2018\/06\/blog-03.jpg\" data-srcset=\"https:\/\/equipdiesel.com\/wp-content\/uploads\/2018\/06\/blog-03-200x133.jpg 200w, https:\/\/equipdiesel.com\/wp-content\/uploads\/2018\/06\/blog-03-400x267.jpg 400w, https:\/\/equipdiesel.com\/wp-content\/uploads\/2018\/06\/blog-03-600x400.jpg 600w, https:\/\/equipdiesel.com\/wp-content\/uploads\/2018\/06\/blog-03-800x533.jpg 800w, https:\/\/equipdiesel.com\/wp-content\/uploads\/2018\/06\/blog-03-1200x800.jpg 1200w, https:\/\/equipdiesel.com\/wp-content\/uploads\/2018\/06\/blog-03.jpg 1500w\" data-sizes=\"auto\" \/><div class=\"fusion-rollover\">\n\t<div class=\"fusion-rollover-content\">\n\n\t\t\t\t\t\t\t\t\t\t\t\t\t\t<a class=\"fusion-rollover-link\" href=\"https:\/\/equipdiesel.com\/ca\/avancos-sistemes-filtracio\/\">Avan\u00e7os en sistemes de filtraci\u00f3<\/a>\n\t\t\t\n\t\t\t\t\t\t\t\t\n\t\t\n\t\t\t\t\t\t\t\t\n\t\t\t\t\t\t\t\t\n\t\t\n\t\t\t\t\t\t<a class=\"fusion-link-wrapper\" href=\"https:\/\/equipdiesel.com\/ca\/avancos-sistemes-filtracio\/\" aria-label=\"Avan\u00e7os en sistemes de filtraci\u00f3\"><\/a>\n\t<\/div>\n<\/div>\n<\/div>\n<\/div><div class=\"fusion-builder-row fusion-builder-row-inner fusion-row fusion-flex-align-items-flex-start fusion-flex-content-wrap\" style=\"width:calc( 100% + 0px ) !important;max-width:calc( 100% + 0px ) !important;margin-left: calc(-0px \/ 2 );margin-right: calc(-0px \/ 2 );\"><div class=\"fusion-layout-column fusion_builder_column_inner fusion-builder-nested-column-2 fusion_builder_column_inner_1_1 1_1 fusion-flex-column\" style=\"--awb-padding-right:30px;--awb-padding-left:30px;--awb-bg-size:cover;--awb-width-large:100%;--awb-margin-top-large:0px;--awb-spacing-right-large:0px;--awb-margin-bottom-large:0px;--awb-spacing-left-large:0px;--awb-width-medium:100%;--awb-order-medium:0;--awb-spacing-right-medium:0px;--awb-spacing-left-medium:0px;--awb-width-small:100%;--awb-order-small:0;--awb-spacing-right-small:0px;--awb-spacing-left-small:0px;\"><div class=\"fusion-column-wrapper fusion-column-has-shadow fusion-flex-justify-content-flex-start fusion-content-layout-column\"><div class=\"fusion-title title fusion-title-4 fusion-sep-none fusion-title-center fusion-title-text fusion-title-size-two\" style=\"--awb-margin-top:30px;--awb-margin-bottom:10px;--awb-margin-top-small:30px;--awb-link-hover-color:var(--awb-color5);--awb-font-size:34px;\"><h2 class=\"fusion-title-heading title-heading-center\" style=\"margin:0;font-size:1em;\"><a href=\"https:\/\/equipdiesel.com\/ca\/avancos-sistemes-filtracio\/\" class=\"awb-custom-text-color awb-custom-text-hover-color\" target=\"_self\">Avan\u00e7os en sistemes de filtraci\u00f3<\/a><\/h2><\/div><div class=\"fusion-meta-tb fusion-meta-tb-5 floated\" style=\"--awb-border-top:0px;--awb-height:45px;--awb-margin-bottom:20px;--awb-text-color:var(--awb-color6);--awb-alignment:center;--awb-alignment-medium:center;--awb-alignment-small:center;\"><span class=\"fusion-tb-modified-date\">agost 20th, 2025<\/span><span class=\"fusion-meta-tb-sep\"><\/span><\/div><div class=\"fusion-content-tb fusion-content-tb-3\" style=\"--awb-content-alignment:center;\"><p> Lorem ipsum dolor sit amet, consectetur adipiscing elit. Nullam eget mauris purus. Donec et dapibus eros. Cras maximus<\/p><\/div><\/div><\/div><\/div><div class=\"fusion-separator fusion-full-width-sep\" style=\"align-self: center;margin-left: auto;margin-right: auto;flex-grow:1;width:100%;\"><\/div><div class=\"fusion-meta-tb fusion-meta-tb-6 floated\" style=\"--awb-border-bottom:0px;--awb-border-top:0px;--awb-height:40px;--awb-margin-bottom:20px;--awb-text-color:var(--awb-color5);--awb-alignment:center;--awb-alignment-medium:center;--awb-alignment-small:center;\"><span class=\"fusion-tb-comments\"><a href=\"https:\/\/equipdiesel.com\/ca\/avancos-sistemes-filtracio\/#respond\"><i class=\"awb-icon-bubbles\"><\/i> 0<span class=\"screen-reader-text\"> comments on Avan\u00e7os en sistemes de filtraci\u00f3<\/span><\/a><\/span><span class=\"fusion-meta-tb-sep\"><\/span><\/div><\/div><\/li>\n<\/ul><\/div><\/div><\/div><\/div><\/div><\/p>\n","protected":false},"excerpt":{"rendered":"","protected":false},"author":1,"featured_media":0,"parent":0,"menu_order":0,"comment_status":"closed","ping_status":"closed","template":"100-width.php","meta":{"footnotes":""},"class_list":["post-1831","page","type-page","status-publish","hentry"],"yoast_head":"<!-- This site is optimized with the Yoast SEO plugin v25.7 - https:\/\/yoast.com\/wordpress\/plugins\/seo\/ -->\n<title>Blog - Equip Diesel Oil<\/title>\n<meta name=\"robots\" content=\"index, follow, max-snippet:-1, max-image-preview:large, max-video-preview:-1\" \/>\n<link rel=\"canonical\" href=\"https:\/\/equipdiesel.com\/blog\/\" \/>\n<meta property=\"og:locale\" content=\"ca_ES\" \/>\n<meta property=\"og:type\" content=\"article\" \/>\n<meta property=\"og:title\" content=\"Blog - Equip Diesel Oil\" \/>\n<meta property=\"og:url\" content=\"https:\/\/equipdiesel.com\/blog\/\" \/>\n<meta property=\"og:site_name\" content=\"Equip Diesel Oil\" \/>\n<meta property=\"article:modified_time\" content=\"2025-08-19T16:06:02+00:00\" \/>\n<meta name=\"twitter:card\" content=\"summary_large_image\" \/>\n<meta name=\"twitter:label1\" content=\"Temps estimat de lectura\" \/>\n\t<meta name=\"twitter:data1\" content=\"3 minuts\" \/>\n<script type=\"application\/ld+json\" class=\"yoast-schema-graph\">{\"@context\":\"https:\/\/schema.org\",\"@graph\":[{\"@type\":\"WebPage\",\"@id\":\"https:\/\/equipdiesel.com\/blog\/\",\"url\":\"https:\/\/equipdiesel.com\/blog\/\",\"name\":\"Blog - Equip Diesel Oil\",\"isPartOf\":{\"@id\":\"https:\/\/equipdiesel.com\/#website\"},\"datePublished\":\"2018-06-14T09:19:19+00:00\",\"dateModified\":\"2025-08-19T16:06:02+00:00\",\"breadcrumb\":{\"@id\":\"https:\/\/equipdiesel.com\/blog\/#breadcrumb\"},\"inLanguage\":\"ca\",\"potentialAction\":[{\"@type\":\"ReadAction\",\"target\":[\"https:\/\/equipdiesel.com\/blog\/\"]}]},{\"@type\":\"BreadcrumbList\",\"@id\":\"https:\/\/equipdiesel.com\/blog\/#breadcrumb\",\"itemListElement\":[{\"@type\":\"ListItem\",\"position\":1,\"name\":\"Portada\",\"item\":\"https:\/\/equipdiesel.com\/ca\/equip-diesel\/\"},{\"@type\":\"ListItem\",\"position\":2,\"name\":\"Blog\"}]},{\"@type\":\"WebSite\",\"@id\":\"https:\/\/equipdiesel.com\/#website\",\"url\":\"https:\/\/equipdiesel.com\/\",\"name\":\"Equip Diesel Oil\",\"description\":\"Empresa dedicada a las instalaciones y reparaciones petrol\u00edferas, con un equipo que cuenta con m\u00e1s de 15 a\u00f1os de experiencia\",\"potentialAction\":[{\"@type\":\"SearchAction\",\"target\":{\"@type\":\"EntryPoint\",\"urlTemplate\":\"https:\/\/equipdiesel.com\/?s={search_term_string}\"},\"query-input\":{\"@type\":\"PropertyValueSpecification\",\"valueRequired\":true,\"valueName\":\"search_term_string\"}}],\"inLanguage\":\"ca\"}]}<\/script>\n<!-- \/ Yoast SEO plugin. -->","yoast_head_json":{"title":"Blog - Equip Diesel Oil","robots":{"index":"index","follow":"follow","max-snippet":"max-snippet:-1","max-image-preview":"max-image-preview:large","max-video-preview":"max-video-preview:-1"},"canonical":"https:\/\/equipdiesel.com\/blog\/","og_locale":"ca_ES","og_type":"article","og_title":"Blog - Equip Diesel Oil","og_url":"https:\/\/equipdiesel.com\/blog\/","og_site_name":"Equip Diesel Oil","article_modified_time":"2025-08-19T16:06:02+00:00","twitter_card":"summary_large_image","twitter_misc":{"Temps estimat de lectura":"3 minuts"},"schema":{"@context":"https:\/\/schema.org","@graph":[{"@type":"WebPage","@id":"https:\/\/equipdiesel.com\/blog\/","url":"https:\/\/equipdiesel.com\/blog\/","name":"Blog - Equip Diesel Oil","isPartOf":{"@id":"https:\/\/equipdiesel.com\/#website"},"datePublished":"2018-06-14T09:19:19+00:00","dateModified":"2025-08-19T16:06:02+00:00","breadcrumb":{"@id":"https:\/\/equipdiesel.com\/blog\/#breadcrumb"},"inLanguage":"ca","potentialAction":[{"@type":"ReadAction","target":["https:\/\/equipdiesel.com\/blog\/"]}]},{"@type":"BreadcrumbList","@id":"https:\/\/equipdiesel.com\/blog\/#breadcrumb","itemListElement":[{"@type":"ListItem","position":1,"name":"Portada","item":"https:\/\/equipdiesel.com\/ca\/equip-diesel\/"},{"@type":"ListItem","position":2,"name":"Blog"}]},{"@type":"WebSite","@id":"https:\/\/equipdiesel.com\/#website","url":"https:\/\/equipdiesel.com\/","name":"Equip Diesel Oil","description":"Empresa dedicada a las instalaciones y reparaciones petrol\u00edferas, con un equipo que cuenta con m\u00e1s de 15 a\u00f1os de experiencia","potentialAction":[{"@type":"SearchAction","target":{"@type":"EntryPoint","urlTemplate":"https:\/\/equipdiesel.com\/?s={search_term_string}"},"query-input":{"@type":"PropertyValueSpecification","valueRequired":true,"valueName":"search_term_string"}}],"inLanguage":"ca"}]}},"_links":{"self":[{"href":"https:\/\/equipdiesel.com\/ca\/wp-json\/wp\/v2\/pages\/1831","targetHints":{"allow":["GET"]}}],"collection":[{"href":"https:\/\/equipdiesel.com\/ca\/wp-json\/wp\/v2\/pages"}],"about":[{"href":"https:\/\/equipdiesel.com\/ca\/wp-json\/wp\/v2\/types\/page"}],"author":[{"embeddable":true,"href":"https:\/\/equipdiesel.com\/ca\/wp-json\/wp\/v2\/users\/1"}],"replies":[{"embeddable":true,"href":"https:\/\/equipdiesel.com\/ca\/wp-json\/wp\/v2\/comments?post=1831"}],"version-history":[{"count":1,"href":"https:\/\/equipdiesel.com\/ca\/wp-json\/wp\/v2\/pages\/1831\/revisions"}],"predecessor-version":[{"id":1832,"href":"https:\/\/equipdiesel.com\/ca\/wp-json\/wp\/v2\/pages\/1831\/revisions\/1832"}],"wp:attachment":[{"href":"https:\/\/equipdiesel.com\/ca\/wp-json\/wp\/v2\/media?parent=1831"}],"curies":[{"name":"wp","href":"https:\/\/api.w.org\/{rel}","templated":true}]}}