{"id":1819,"date":"2025-01-21T12:09:44","date_gmt":"2025-01-21T11:09:44","guid":{"rendered":"https:\/\/equipdiesel.com\/el-meu-compte\/"},"modified":"2025-01-21T12:09:44","modified_gmt":"2025-01-21T11:09:44","slug":"el-meu-compte","status":"publish","type":"page","link":"https:\/\/equipdiesel.com\/ca\/el-meu-compte\/","title":{"rendered":"El meu compte"},"content":{"rendered":"<div class=\"woocommerce\"><\/div>","protected":false},"excerpt":{"rendered":"","protected":false},"author":1,"featured_media":0,"parent":0,"menu_order":0,"comment_status":"closed","ping_status":"closed","template":"","meta":{"footnotes":""},"class_list":["post-1819","page","type-page","status-publish","hentry"],"yoast_head":"<!-- This site is optimized with the Yoast SEO plugin v25.7 - https:\/\/yoast.com\/wordpress\/plugins\/seo\/ -->\n<title>El meu compte - Equip Diesel Oil<\/title>\n<meta name=\"robots\" content=\"index, follow, max-snippet:-1, max-image-preview:large, max-video-preview:-1\" \/>\n<link rel=\"canonical\" href=\"https:\/\/equipdiesel.com\/mi-cuenta\/\" \/>\n<meta property=\"og:locale\" content=\"ca_ES\" \/>\n<meta property=\"og:type\" content=\"article\" \/>\n<meta property=\"og:title\" content=\"El meu compte - Equip Diesel Oil\" \/>\n<meta property=\"og:url\" content=\"https:\/\/equipdiesel.com\/mi-cuenta\/\" \/>\n<meta property=\"og:site_name\" content=\"Equip Diesel Oil\" \/>\n<meta name=\"twitter:card\" content=\"summary_large_image\" \/>\n<script type=\"application\/ld+json\" class=\"yoast-schema-graph\">{\"@context\":\"https:\/\/schema.org\",\"@graph\":[{\"@type\":\"WebPage\",\"@id\":\"https:\/\/equipdiesel.com\/mi-cuenta\/\",\"url\":\"https:\/\/equipdiesel.com\/mi-cuenta\/\",\"name\":\"El meu compte - Equip Diesel Oil\",\"isPartOf\":{\"@id\":\"https:\/\/equipdiesel.com\/#website\"},\"datePublished\":\"2025-01-21T11:09:44+00:00\",\"breadcrumb\":{\"@id\":\"https:\/\/equipdiesel.com\/mi-cuenta\/#breadcrumb\"},\"inLanguage\":\"ca\",\"potentialAction\":[{\"@type\":\"ReadAction\",\"target\":[\"https:\/\/equipdiesel.com\/mi-cuenta\/\"]}]},{\"@type\":\"BreadcrumbList\",\"@id\":\"https:\/\/equipdiesel.com\/mi-cuenta\/#breadcrumb\",\"itemListElement\":[{\"@type\":\"ListItem\",\"position\":1,\"name\":\"Portada\",\"item\":\"https:\/\/equipdiesel.com\/ca\/equip-diesel\/\"},{\"@type\":\"ListItem\",\"position\":2,\"name\":\"El meu compte\"}]},{\"@type\":\"WebSite\",\"@id\":\"https:\/\/equipdiesel.com\/#website\",\"url\":\"https:\/\/equipdiesel.com\/\",\"name\":\"Equip Diesel Oil\",\"description\":\"Empresa dedicada a las instalaciones y reparaciones petrol\u00edferas, con un equipo que cuenta con m\u00e1s de 15 a\u00f1os de experiencia\",\"potentialAction\":[{\"@type\":\"SearchAction\",\"target\":{\"@type\":\"EntryPoint\",\"urlTemplate\":\"https:\/\/equipdiesel.com\/?s={search_term_string}\"},\"query-input\":{\"@type\":\"PropertyValueSpecification\",\"valueRequired\":true,\"valueName\":\"search_term_string\"}}],\"inLanguage\":\"ca\"}]}<\/script>\n<!-- \/ Yoast SEO plugin. -->","yoast_head_json":{"title":"El meu compte - Equip Diesel Oil","robots":{"index":"index","follow":"follow","max-snippet":"max-snippet:-1","max-image-preview":"max-image-preview:large","max-video-preview":"max-video-preview:-1"},"canonical":"https:\/\/equipdiesel.com\/mi-cuenta\/","og_locale":"ca_ES","og_type":"article","og_title":"El meu compte - Equip Diesel Oil","og_url":"https:\/\/equipdiesel.com\/mi-cuenta\/","og_site_name":"Equip Diesel Oil","twitter_card":"summary_large_image","schema":{"@context":"https:\/\/schema.org","@graph":[{"@type":"WebPage","@id":"https:\/\/equipdiesel.com\/mi-cuenta\/","url":"https:\/\/equipdiesel.com\/mi-cuenta\/","name":"El meu compte - Equip Diesel Oil","isPartOf":{"@id":"https:\/\/equipdiesel.com\/#website"},"datePublished":"2025-01-21T11:09:44+00:00","breadcrumb":{"@id":"https:\/\/equipdiesel.com\/mi-cuenta\/#breadcrumb"},"inLanguage":"ca","potentialAction":[{"@type":"ReadAction","target":["https:\/\/equipdiesel.com\/mi-cuenta\/"]}]},{"@type":"BreadcrumbList","@id":"https:\/\/equipdiesel.com\/mi-cuenta\/#breadcrumb","itemListElement":[{"@type":"ListItem","position":1,"name":"Portada","item":"https:\/\/equipdiesel.com\/ca\/equip-diesel\/"},{"@type":"ListItem","position":2,"name":"El meu compte"}]},{"@type":"WebSite","@id":"https:\/\/equipdiesel.com\/#website","url":"https:\/\/equipdiesel.com\/","name":"Equip Diesel Oil","description":"Empresa dedicada a las instalaciones y reparaciones petrol\u00edferas, con un equipo que cuenta con m\u00e1s de 15 a\u00f1os de experiencia","potentialAction":[{"@type":"SearchAction","target":{"@type":"EntryPoint","urlTemplate":"https:\/\/equipdiesel.com\/?s={search_term_string}"},"query-input":{"@type":"PropertyValueSpecification","valueRequired":true,"valueName":"search_term_string"}}],"inLanguage":"ca"}]}},"_links":{"self":[{"href":"https:\/\/equipdiesel.com\/ca\/wp-json\/wp\/v2\/pages\/1819","targetHints":{"allow":["GET"]}}],"collection":[{"href":"https:\/\/equipdiesel.com\/ca\/wp-json\/wp\/v2\/pages"}],"about":[{"href":"https:\/\/equipdiesel.com\/ca\/wp-json\/wp\/v2\/types\/page"}],"author":[{"embeddable":true,"href":"https:\/\/equipdiesel.com\/ca\/wp-json\/wp\/v2\/users\/1"}],"replies":[{"embeddable":true,"href":"https:\/\/equipdiesel.com\/ca\/wp-json\/wp\/v2\/comments?post=1819"}],"version-history":[{"count":0,"href":"https:\/\/equipdiesel.com\/ca\/wp-json\/wp\/v2\/pages\/1819\/revisions"}],"wp:attachment":[{"href":"https:\/\/equipdiesel.com\/ca\/wp-json\/wp\/v2\/media?parent=1819"}],"curies":[{"name":"wp","href":"https:\/\/api.w.org\/{rel}","templated":true}]}}