{"id":1814,"date":"2025-01-22T12:56:08","date_gmt":"2025-01-22T11:56:08","guid":{"rendered":"https:\/\/equipdiesel.com\/botiga-en-linia\/"},"modified":"2025-08-22T14:14:08","modified_gmt":"2025-08-22T12:14:08","slug":"botiga-en-linia","status":"publish","type":"page","link":"https:\/\/equipdiesel.com\/ca\/botiga-en-linia\/","title":{"rendered":"Botiga en l\u00ednia"},"content":{"rendered":"<p><div class=\"fusion-fullwidth fullwidth-box fusion-builder-row-1 fusion-flex-container has-pattern-background has-mask-background fusion-parallax-none nonhundred-percent-fullwidth non-hundred-percent-height-scrolling lazyload fusion-custom-z-index\" style=\"--awb-border-radius-top-left:0px;--awb-border-radius-top-right:0px;--awb-border-radius-bottom-right:0px;--awb-border-radius-bottom-left:0px;--awb-z-index:0;--awb-padding-top:6%;--awb-padding-bottom:6%;--awb-background-color:var(--awb-color4);--awb-background-image:linear-gradient(180deg, var(--awb-color1) 0%,rgba(255,255,255,0.74) 100%);;--awb-background-size:cover;--awb-flex-wrap:wrap;\" data-bg=\"https:\/\/equipdiesel.com\/wp-content\/uploads\/2025\/01\/cta-equip-diesel-oil.jpg\" data-bg-gradient=\"linear-gradient(180deg, var(--awb-color1) 0%,rgba(255,255,255,0.74) 100%)\" ><div class=\"fusion-builder-row fusion-row fusion-flex-align-items-flex-start fusion-flex-content-wrap\" style=\"max-width:calc( 1300px + 0px );margin-left: calc(-0px \/ 2 );margin-right: calc(-0px \/ 2 );\"><div class=\"fusion-layout-column fusion_builder_column fusion-builder-column-0 fusion_builder_column_1_1 1_1 fusion-flex-column fusion-animated\" style=\"--awb-bg-blend:overlay;--awb-bg-size:cover;--awb-width-large:100%;--awb-margin-top-large:0px;--awb-spacing-right-large:0px;--awb-margin-bottom-large:0px;--awb-spacing-left-large:0px;--awb-width-medium:100%;--awb-spacing-right-medium:0px;--awb-spacing-left-medium:0px;--awb-width-small:100%;--awb-spacing-right-small:0px;--awb-spacing-left-small:0px;\" data-animationType=\"fadeInDown\" data-animationDuration=\"0.6\" data-animationOffset=\"top-into-view\"><div class=\"fusion-column-wrapper fusion-flex-justify-content-flex-start fusion-content-layout-column\"><div class=\"fusion-title title fusion-title-1 fusion-sep-none fusion-title-center fusion-title-text fusion-title-size-one\" style=\"--awb-text-color:var(--awb-color7);--awb-margin-bottom:0px;\"><h1 class=\"fusion-title-heading title-heading-center\" style=\"margin:0;text-transform:uppercase;\">Botiga en l\u00ednia<\/h1><\/div><\/div><\/div><\/div><\/div><div class=\"fusion-fullwidth fullwidth-box fusion-builder-row-2 fusion-flex-container has-pattern-background has-mask-background nonhundred-percent-fullwidth non-hundred-percent-height-scrolling\" style=\"--awb-border-radius-top-left:0px;--awb-border-radius-top-right:0px;--awb-border-radius-bottom-right:0px;--awb-border-radius-bottom-left:0px;--awb-flex-wrap:wrap;\" ><div class=\"fusion-builder-row fusion-row fusion-flex-align-items-flex-start fusion-flex-content-wrap\" style=\"max-width:1352px;margin-left: calc(-4% \/ 2 );margin-right: calc(-4% \/ 2 );\"><div class=\"fusion-layout-column fusion_builder_column fusion-builder-column-1 fusion_builder_column_1_1 1_1 fusion-flex-column\" style=\"--awb-bg-size:cover;--awb-width-large:100%;--awb-margin-top-large:0px;--awb-spacing-right-large:1.92%;--awb-margin-bottom-large:20px;--awb-spacing-left-large:1.92%;--awb-width-medium:100%;--awb-order-medium:0;--awb-spacing-right-medium:1.92%;--awb-spacing-left-medium:1.92%;--awb-width-small:100%;--awb-order-small:0;--awb-spacing-right-small:1.92%;--awb-spacing-left-small:1.92%;\"><div class=\"fusion-column-wrapper fusion-column-has-shadow fusion-flex-justify-content-flex-start fusion-content-layout-column\"><div class=\"fusion-text fusion-text-1\" style=\"--awb-content-alignment:center;--awb-margin-top:50px;\"><p>Venda de productes i recanvis de primeres marques al millor preu i de la millor qualitat. M\u00e9s avall pots fer una ullada als productes que tenim disponibles.<\/p>\n<\/div><\/div><\/div><\/div><\/div><div class=\"fusion-fullwidth fullwidth-box fusion-builder-row-3 fusion-flex-container has-pattern-background has-mask-background nonhundred-percent-fullwidth non-hundred-percent-height-scrolling\" style=\"--awb-border-radius-top-left:0px;--awb-border-radius-top-right:0px;--awb-border-radius-bottom-right:0px;--awb-border-radius-bottom-left:0px;--awb-padding-top:100px;--awb-padding-bottom:70px;--awb-flex-wrap:wrap;\" ><div class=\"fusion-builder-row fusion-row fusion-flex-align-items-flex-start fusion-flex-content-wrap\" style=\"max-width:1352px;margin-left: calc(-4% \/ 2 );margin-right: calc(-4% \/ 2 );\"><div class=\"fusion-layout-column fusion_builder_column fusion-builder-column-2 fusion_builder_column_1_4 1_4 fusion-flex-column\" style=\"--awb-bg-size:cover;--awb-width-large:25%;--awb-margin-top-large:0px;--awb-spacing-right-large:7.68%;--awb-margin-bottom-large:20px;--awb-spacing-left-large:7.68%;--awb-width-medium:100%;--awb-order-medium:0;--awb-spacing-right-medium:1.92%;--awb-spacing-left-medium:1.92%;--awb-width-small:100%;--awb-order-small:0;--awb-spacing-right-small:1.92%;--awb-spacing-left-small:1.92%;\"><div class=\"fusion-column-wrapper fusion-column-has-shadow fusion-flex-justify-content-flex-start fusion-content-layout-column\"><div class=\"fusion-widget fusion-widget-element fusion-widget-area fusion-content-widget-area wpWidget-1 wc_widget_product_categories\" style=\"--awb-fusion-border-size:0px;--awb-fusion-border-style:solid;\"><div class=\"widget woocommerce widget_product_categories\"><div class=\"heading\"><h4 class=\"widget-title\">Categor\u00edas del producto<\/h4><\/div><ul class=\"product-categories\"><li class=\"cat-item cat-item-46\"><a href=\"https:\/\/equipdiesel.com\/ca\/categoria-producto\/bombes\/\">Bombes<\/a> <span class=\"count\">(1)<\/span><\/li>\n<li class=\"cat-item cat-item-44\"><a href=\"https:\/\/equipdiesel.com\/ca\/categoria-producto\/filtres\/\">Filtres<\/a> <span class=\"count\">(2)<\/span><\/li>\n<li class=\"cat-item cat-item-45\"><a href=\"https:\/\/equipdiesel.com\/ca\/categoria-producto\/medidors\/\">Medidors<\/a> <span class=\"count\">(1)<\/span><\/li>\n<\/ul><\/div><\/div><\/div><\/div><div class=\"fusion-layout-column fusion_builder_column fusion-builder-column-3 fusion_builder_column_3_4 3_4 fusion-flex-column\" style=\"--awb-bg-size:cover;--awb-width-large:75%;--awb-margin-top-large:0px;--awb-spacing-right-large:2.56%;--awb-margin-bottom-large:20px;--awb-spacing-left-large:2.56%;--awb-width-medium:100%;--awb-order-medium:0;--awb-spacing-right-medium:1.92%;--awb-spacing-left-medium:1.92%;--awb-width-small:100%;--awb-order-small:0;--awb-spacing-right-small:1.92%;--awb-spacing-left-small:1.92%;\"><div class=\"fusion-column-wrapper fusion-column-has-shadow fusion-flex-justify-content-flex-start fusion-content-layout-column\"><div class=\"fusion-woo-product-grid fusion-product-archive fusion-woo-product-grid-1\"><ul class=\"products products-3\"><li class=\"product type-product post-1882 status-publish first instock product_cat-filtres has-post-thumbnail shipping-taxable purchasable product-type-simple product-grid-view\">\n\t<div class=\"fusion-product-wrapper\">\n<a href=\"https:\/\/equipdiesel.com\/ca\/producto\/viscotroll-gear\/\" class=\"product-images\" aria-label=\"Viscotroll Gear\">\n\n<div class=\"featured-image\">\n\t\t<img decoding=\"async\" width=\"500\" height=\"500\" src=\"https:\/\/equipdiesel.com\/wp-content\/uploads\/2025\/01\/viscotroll_piusi-500x500.webp\" class=\"attachment-woocommerce_thumbnail size-woocommerce_thumbnail lazyload wp-post-image\" alt=\"\" srcset=\"data:image\/svg+xml,%3Csvg%20xmlns%3D%27http%3A%2F%2Fwww.w3.org%2F2000%2Fsvg%27%20width%3D%27600%27%20height%3D%27600%27%20viewBox%3D%270%200%20600%20600%27%3E%3Crect%20width%3D%27600%27%20height%3D%27600%27%20fill-opacity%3D%220%22%2F%3E%3C%2Fsvg%3E\" data-orig-src=\"https:\/\/equipdiesel.com\/wp-content\/uploads\/2025\/01\/viscotroll_piusi-500x500.webp\" data-srcset=\"https:\/\/equipdiesel.com\/wp-content\/uploads\/2025\/01\/viscotroll_piusi-66x66.webp 66w, https:\/\/equipdiesel.com\/wp-content\/uploads\/2025\/01\/viscotroll_piusi-200x200.webp 200w, https:\/\/equipdiesel.com\/wp-content\/uploads\/2025\/01\/viscotroll_piusi-400x400.webp 400w, https:\/\/equipdiesel.com\/wp-content\/uploads\/2025\/01\/viscotroll_piusi-500x500.webp 500w, https:\/\/equipdiesel.com\/wp-content\/uploads\/2025\/01\/viscotroll_piusi.webp 600w\" data-sizes=\"auto\" \/>\n\t\t\t\t\t\t<div class=\"cart-loading\"><i class=\"awb-icon-spinner\" aria-hidden=\"true\"><\/i><\/div>\n\t\t\t<\/div>\n<\/a>\n<div class=\"fusion-product-content\">\n\t<div class=\"product-details\">\n\t\t<div class=\"product-details-container\">\n<h3 class=\"product-title\">\n\t<a href=\"https:\/\/equipdiesel.com\/ca\/producto\/viscotroll-gear\/\">\n\t\tViscotroll Gear\t<\/a>\n<\/h3>\n<div class=\"fusion-price-rating\">\n\n\t<span class=\"price\"><span class=\"woocommerce-Price-amount amount\"><bdi>1.230,00&nbsp;<span class=\"woocommerce-Price-currencySymbol\">&euro;<\/span><\/bdi><\/span><\/span>\n\t\t<\/div>\n\t<\/div>\n<\/div>\n\n\n\t<div class=\"product-buttons\">\n\t\t<div class=\"fusion-content-sep sep-single sep-solid\"><\/div>\n\t\t<div class=\"product-buttons-container clearfix\">\n<a href=\"?add-to-cart=1882\" aria-describedby=\"woocommerce_loop_add_to_cart_link_describedby_1882\" data-quantity=\"1\" class=\"button product_type_simple add_to_cart_button ajax_add_to_cart\" data-product_id=\"1882\" data-product_sku=\"\" aria-label=\"Afegeix a la cistella: &ldquo;Viscotroll Gear&rdquo;\" rel=\"nofollow\">Afegeix a la cistella<\/a>\t<span id=\"woocommerce_loop_add_to_cart_link_describedby_1882\" class=\"screen-reader-text\">\n\t\t\t<\/span>\n\n<a href=\"https:\/\/equipdiesel.com\/ca\/producto\/viscotroll-gear\/\" class=\"show_details_button\">\n\tDetails<\/a>\n\n\n\t<\/div>\n\t<\/div>\n\n\t<\/div> <\/div>\n<\/li>\n<li class=\"product type-product post-1884 status-publish instock product_cat-filtres has-post-thumbnail shipping-taxable purchasable product-type-simple product-grid-view\">\n\t<div class=\"fusion-product-wrapper\">\n<a href=\"https:\/\/equipdiesel.com\/ca\/producto\/clear-captor-filter\/\" class=\"product-images\" aria-label=\"Clear Captor Filter\">\n\n<div class=\"featured-image\">\n\t\t<img decoding=\"async\" width=\"500\" height=\"500\" src=\"https:\/\/equipdiesel.com\/wp-content\/uploads\/2025\/01\/clear_captor-500x500.webp\" class=\"attachment-woocommerce_thumbnail size-woocommerce_thumbnail lazyload wp-post-image\" alt=\"\" srcset=\"data:image\/svg+xml,%3Csvg%20xmlns%3D%27http%3A%2F%2Fwww.w3.org%2F2000%2Fsvg%27%20width%3D%27600%27%20height%3D%27600%27%20viewBox%3D%270%200%20600%20600%27%3E%3Crect%20width%3D%27600%27%20height%3D%27600%27%20fill-opacity%3D%220%22%2F%3E%3C%2Fsvg%3E\" data-orig-src=\"https:\/\/equipdiesel.com\/wp-content\/uploads\/2025\/01\/clear_captor-500x500.webp\" data-srcset=\"https:\/\/equipdiesel.com\/wp-content\/uploads\/2025\/01\/clear_captor-66x66.webp 66w, https:\/\/equipdiesel.com\/wp-content\/uploads\/2025\/01\/clear_captor-200x200.webp 200w, https:\/\/equipdiesel.com\/wp-content\/uploads\/2025\/01\/clear_captor-400x400.webp 400w, https:\/\/equipdiesel.com\/wp-content\/uploads\/2025\/01\/clear_captor-500x500.webp 500w, https:\/\/equipdiesel.com\/wp-content\/uploads\/2025\/01\/clear_captor.webp 600w\" data-sizes=\"auto\" \/>\n\t\t\t\t\t\t<div class=\"cart-loading\"><i class=\"awb-icon-spinner\" aria-hidden=\"true\"><\/i><\/div>\n\t\t\t<\/div>\n<\/a>\n<div class=\"fusion-product-content\">\n\t<div class=\"product-details\">\n\t\t<div class=\"product-details-container\">\n<h3 class=\"product-title\">\n\t<a href=\"https:\/\/equipdiesel.com\/ca\/producto\/clear-captor-filter\/\">\n\t\tClear Captor Filter\t<\/a>\n<\/h3>\n<div class=\"fusion-price-rating\">\n\n\t<span class=\"price\"><span class=\"woocommerce-Price-amount amount\"><bdi>97,00&nbsp;<span class=\"woocommerce-Price-currencySymbol\">&euro;<\/span><\/bdi><\/span><\/span>\n\t\t<\/div>\n\t<\/div>\n<\/div>\n\n\n\t<div class=\"product-buttons\">\n\t\t<div class=\"fusion-content-sep sep-single sep-solid\"><\/div>\n\t\t<div class=\"product-buttons-container clearfix\">\n<a href=\"?add-to-cart=1884\" aria-describedby=\"woocommerce_loop_add_to_cart_link_describedby_1884\" data-quantity=\"1\" class=\"button product_type_simple add_to_cart_button ajax_add_to_cart\" data-product_id=\"1884\" data-product_sku=\"\" aria-label=\"Afegeix a la cistella: &ldquo;Clear Captor Filter&rdquo;\" rel=\"nofollow\">Afegeix a la cistella<\/a>\t<span id=\"woocommerce_loop_add_to_cart_link_describedby_1884\" class=\"screen-reader-text\">\n\t\t\t<\/span>\n\n<a href=\"https:\/\/equipdiesel.com\/ca\/producto\/clear-captor-filter\/\" class=\"show_details_button\">\n\tDetails<\/a>\n\n\n\t<\/div>\n\t<\/div>\n\n\t<\/div> <\/div>\n<\/li>\n<li class=\"product type-product post-1885 status-publish last instock product_cat-medidors has-post-thumbnail shipping-taxable purchasable product-type-simple product-grid-view\">\n\t<div class=\"fusion-product-wrapper\">\n<a href=\"https:\/\/equipdiesel.com\/ca\/producto\/k24-version-adblue\/\" class=\"product-images\" aria-label=\"Medidor K24 &#8211; Versi\u00f3 Adblue\">\n\n<div class=\"featured-image\">\n\t\t<img decoding=\"async\" width=\"500\" height=\"500\" src=\"https:\/\/equipdiesel.com\/wp-content\/uploads\/2025\/01\/k24_meter-500x500.webp\" class=\"attachment-woocommerce_thumbnail size-woocommerce_thumbnail lazyload wp-post-image\" alt=\"\" srcset=\"data:image\/svg+xml,%3Csvg%20xmlns%3D%27http%3A%2F%2Fwww.w3.org%2F2000%2Fsvg%27%20width%3D%27600%27%20height%3D%27600%27%20viewBox%3D%270%200%20600%20600%27%3E%3Crect%20width%3D%27600%27%20height%3D%27600%27%20fill-opacity%3D%220%22%2F%3E%3C%2Fsvg%3E\" data-orig-src=\"https:\/\/equipdiesel.com\/wp-content\/uploads\/2025\/01\/k24_meter-500x500.webp\" data-srcset=\"https:\/\/equipdiesel.com\/wp-content\/uploads\/2025\/01\/k24_meter-66x66.webp 66w, https:\/\/equipdiesel.com\/wp-content\/uploads\/2025\/01\/k24_meter-200x200.webp 200w, https:\/\/equipdiesel.com\/wp-content\/uploads\/2025\/01\/k24_meter-400x400.webp 400w, https:\/\/equipdiesel.com\/wp-content\/uploads\/2025\/01\/k24_meter-500x500.webp 500w, https:\/\/equipdiesel.com\/wp-content\/uploads\/2025\/01\/k24_meter.webp 600w\" data-sizes=\"auto\" \/>\n\t\t\t\t\t\t<div class=\"cart-loading\"><i class=\"awb-icon-spinner\" aria-hidden=\"true\"><\/i><\/div>\n\t\t\t<\/div>\n<\/a>\n<div class=\"fusion-product-content\">\n\t<div class=\"product-details\">\n\t\t<div class=\"product-details-container\">\n<h3 class=\"product-title\">\n\t<a href=\"https:\/\/equipdiesel.com\/ca\/producto\/k24-version-adblue\/\">\n\t\tMedidor K24 &#8211; Versi\u00f3 Adblue\t<\/a>\n<\/h3>\n<div class=\"fusion-price-rating\">\n\n\t<span class=\"price\"><span class=\"woocommerce-Price-amount amount\"><bdi>245,00&nbsp;<span class=\"woocommerce-Price-currencySymbol\">&euro;<\/span><\/bdi><\/span><\/span>\n\t\t<\/div>\n\t<\/div>\n<\/div>\n\n\n\t<div class=\"product-buttons\">\n\t\t<div class=\"fusion-content-sep sep-single sep-solid\"><\/div>\n\t\t<div class=\"product-buttons-container clearfix\">\n<a href=\"?add-to-cart=1885\" aria-describedby=\"woocommerce_loop_add_to_cart_link_describedby_1885\" data-quantity=\"1\" class=\"button product_type_simple add_to_cart_button ajax_add_to_cart\" data-product_id=\"1885\" data-product_sku=\"\" aria-label=\"Afegeix a la cistella: &ldquo;Medidor K24 - Versi\u00f3 Adblue&rdquo;\" rel=\"nofollow\">Afegeix a la cistella<\/a>\t<span id=\"woocommerce_loop_add_to_cart_link_describedby_1885\" class=\"screen-reader-text\">\n\t\t\t<\/span>\n\n<a href=\"https:\/\/equipdiesel.com\/ca\/producto\/k24-version-adblue\/\" class=\"show_details_button\">\n\tDetails<\/a>\n\n\n\t<\/div>\n\t<\/div>\n\n\t<\/div> <\/div>\n<\/li>\n<li class=\"product type-product post-1886 status-publish first instock product_cat-bombes has-post-thumbnail shipping-taxable purchasable product-type-simple product-grid-view\">\n\t<div class=\"fusion-product-wrapper\">\n<a href=\"https:\/\/equipdiesel.com\/ca\/producto\/piusi-ex140\/\" class=\"product-images\" aria-label=\"PIUSI EX140\">\n\n<div class=\"featured-image\">\n\t\t<img decoding=\"async\" width=\"500\" height=\"500\" src=\"https:\/\/equipdiesel.com\/wp-content\/uploads\/2025\/01\/ex140_atex_ac_pumps_pumps_piusi-500x500.webp\" class=\"attachment-woocommerce_thumbnail size-woocommerce_thumbnail lazyload wp-post-image\" alt=\"\" srcset=\"data:image\/svg+xml,%3Csvg%20xmlns%3D%27http%3A%2F%2Fwww.w3.org%2F2000%2Fsvg%27%20width%3D%27600%27%20height%3D%27600%27%20viewBox%3D%270%200%20600%20600%27%3E%3Crect%20width%3D%27600%27%20height%3D%27600%27%20fill-opacity%3D%220%22%2F%3E%3C%2Fsvg%3E\" data-orig-src=\"https:\/\/equipdiesel.com\/wp-content\/uploads\/2025\/01\/ex140_atex_ac_pumps_pumps_piusi-500x500.webp\" data-srcset=\"https:\/\/equipdiesel.com\/wp-content\/uploads\/2025\/01\/ex140_atex_ac_pumps_pumps_piusi-66x66.webp 66w, https:\/\/equipdiesel.com\/wp-content\/uploads\/2025\/01\/ex140_atex_ac_pumps_pumps_piusi-200x200.webp 200w, https:\/\/equipdiesel.com\/wp-content\/uploads\/2025\/01\/ex140_atex_ac_pumps_pumps_piusi-400x400.webp 400w, https:\/\/equipdiesel.com\/wp-content\/uploads\/2025\/01\/ex140_atex_ac_pumps_pumps_piusi-500x500.webp 500w, https:\/\/equipdiesel.com\/wp-content\/uploads\/2025\/01\/ex140_atex_ac_pumps_pumps_piusi.webp 600w\" data-sizes=\"auto\" \/>\n\t\t\t\t\t\t<div class=\"cart-loading\"><i class=\"awb-icon-spinner\" aria-hidden=\"true\"><\/i><\/div>\n\t\t\t<\/div>\n<\/a>\n<div class=\"fusion-product-content\">\n\t<div class=\"product-details\">\n\t\t<div class=\"product-details-container\">\n<h3 class=\"product-title\">\n\t<a href=\"https:\/\/equipdiesel.com\/ca\/producto\/piusi-ex140\/\">\n\t\tPIUSI EX140\t<\/a>\n<\/h3>\n<div class=\"fusion-price-rating\">\n\n\t<span class=\"price\"><span class=\"woocommerce-Price-amount amount\"><bdi>850,00&nbsp;<span class=\"woocommerce-Price-currencySymbol\">&euro;<\/span><\/bdi><\/span><\/span>\n\t\t<\/div>\n\t<\/div>\n<\/div>\n\n\n\t<div class=\"product-buttons\">\n\t\t<div class=\"fusion-content-sep sep-single sep-solid\"><\/div>\n\t\t<div class=\"product-buttons-container clearfix\">\n<a href=\"?add-to-cart=1886\" aria-describedby=\"woocommerce_loop_add_to_cart_link_describedby_1886\" data-quantity=\"1\" class=\"button product_type_simple add_to_cart_button ajax_add_to_cart\" data-product_id=\"1886\" data-product_sku=\"\" aria-label=\"Afegeix a la cistella: &ldquo;PIUSI EX140&rdquo;\" rel=\"nofollow\">Afegeix a la cistella<\/a>\t<span id=\"woocommerce_loop_add_to_cart_link_describedby_1886\" class=\"screen-reader-text\">\n\t\t\t<\/span>\n\n<a href=\"https:\/\/equipdiesel.com\/ca\/producto\/piusi-ex140\/\" class=\"show_details_button\">\n\tDetails<\/a>\n\n\n\t<\/div>\n\t<\/div>\n\n\t<\/div> <\/div>\n<\/li>\n<\/ul><div class=\"fusion-woo-product-grid-pagination fusion-clearfix\"><\/div><\/div><\/div><\/div><\/div><\/div><\/p>\n","protected":false},"excerpt":{"rendered":"","protected":false},"author":1,"featured_media":0,"parent":0,"menu_order":0,"comment_status":"closed","ping_status":"closed","template":"100-width.php","meta":{"footnotes":""},"class_list":["post-1814","page","type-page","status-publish","hentry"],"yoast_head":"<!-- This site is optimized with the Yoast SEO plugin v25.7 - https:\/\/yoast.com\/wordpress\/plugins\/seo\/ -->\n<title>Botiga en l\u00ednia - Recanvis de primeres marques - Equip Diesel Oil<\/title>\n<meta name=\"description\" content=\"Venda de productes i recanvis de primeres marques al millor preu i de la millor qualitat. Consulta els productes que tenim disponibles.\" \/>\n<meta name=\"robots\" content=\"index, follow, max-snippet:-1, max-image-preview:large, max-video-preview:-1\" \/>\n<link rel=\"canonical\" href=\"https:\/\/equipdiesel.com\/ca\/botiga-en-linia\/\" \/>\n<meta property=\"og:locale\" content=\"ca_ES\" \/>\n<meta property=\"og:type\" content=\"article\" \/>\n<meta property=\"og:title\" content=\"Botiga en l\u00ednia - Recanvis de primeres marques - Equip Diesel Oil\" \/>\n<meta property=\"og:description\" content=\"Venda de productes i recanvis de primeres marques al millor preu i de la millor qualitat. Consulta els productes que tenim disponibles.\" \/>\n<meta property=\"og:url\" content=\"https:\/\/equipdiesel.com\/ca\/botiga-en-linia\/\" \/>\n<meta property=\"og:site_name\" content=\"Equip Diesel Oil\" \/>\n<meta property=\"article:modified_time\" content=\"2025-08-22T12:14:08+00:00\" \/>\n<meta name=\"twitter:card\" content=\"summary_large_image\" \/>\n<meta name=\"twitter:label1\" content=\"Temps estimat de lectura\" \/>\n\t<meta name=\"twitter:data1\" content=\"2 minuts\" \/>\n<script type=\"application\/ld+json\" class=\"yoast-schema-graph\">{\"@context\":\"https:\/\/schema.org\",\"@graph\":[{\"@type\":\"WebPage\",\"@id\":\"https:\/\/equipdiesel.com\/ca\/botiga-en-linia\/\",\"url\":\"https:\/\/equipdiesel.com\/ca\/botiga-en-linia\/\",\"name\":\"Botiga en l\u00ednia - Recanvis de primeres marques - Equip Diesel Oil\",\"isPartOf\":{\"@id\":\"https:\/\/equipdiesel.com\/#website\"},\"datePublished\":\"2025-01-22T11:56:08+00:00\",\"dateModified\":\"2025-08-22T12:14:08+00:00\",\"description\":\"Venda de productes i recanvis de primeres marques al millor preu i de la millor qualitat. Consulta els productes que tenim disponibles.\",\"breadcrumb\":{\"@id\":\"https:\/\/equipdiesel.com\/ca\/botiga-en-linia\/#breadcrumb\"},\"inLanguage\":\"ca\",\"potentialAction\":[{\"@type\":\"ReadAction\",\"target\":[\"https:\/\/equipdiesel.com\/ca\/botiga-en-linia\/\"]}]},{\"@type\":\"BreadcrumbList\",\"@id\":\"https:\/\/equipdiesel.com\/ca\/botiga-en-linia\/#breadcrumb\",\"itemListElement\":[{\"@type\":\"ListItem\",\"position\":1,\"name\":\"Portada\",\"item\":\"https:\/\/equipdiesel.com\/ca\/equip-diesel\/\"},{\"@type\":\"ListItem\",\"position\":2,\"name\":\"Botiga en l\u00ednia\"}]},{\"@type\":\"WebSite\",\"@id\":\"https:\/\/equipdiesel.com\/#website\",\"url\":\"https:\/\/equipdiesel.com\/\",\"name\":\"Equip Diesel Oil\",\"description\":\"Empresa dedicada a las instalaciones y reparaciones petrol\u00edferas, con un equipo que cuenta con m\u00e1s de 15 a\u00f1os de experiencia\",\"potentialAction\":[{\"@type\":\"SearchAction\",\"target\":{\"@type\":\"EntryPoint\",\"urlTemplate\":\"https:\/\/equipdiesel.com\/?s={search_term_string}\"},\"query-input\":{\"@type\":\"PropertyValueSpecification\",\"valueRequired\":true,\"valueName\":\"search_term_string\"}}],\"inLanguage\":\"ca\"}]}<\/script>\n<!-- \/ Yoast SEO plugin. -->","yoast_head_json":{"title":"Botiga en l\u00ednia - Recanvis de primeres marques - Equip Diesel Oil","description":"Venda de productes i recanvis de primeres marques al millor preu i de la millor qualitat. Consulta els productes que tenim disponibles.","robots":{"index":"index","follow":"follow","max-snippet":"max-snippet:-1","max-image-preview":"max-image-preview:large","max-video-preview":"max-video-preview:-1"},"canonical":"https:\/\/equipdiesel.com\/ca\/botiga-en-linia\/","og_locale":"ca_ES","og_type":"article","og_title":"Botiga en l\u00ednia - Recanvis de primeres marques - Equip Diesel Oil","og_description":"Venda de productes i recanvis de primeres marques al millor preu i de la millor qualitat. Consulta els productes que tenim disponibles.","og_url":"https:\/\/equipdiesel.com\/ca\/botiga-en-linia\/","og_site_name":"Equip Diesel Oil","article_modified_time":"2025-08-22T12:14:08+00:00","twitter_card":"summary_large_image","twitter_misc":{"Temps estimat de lectura":"2 minuts"},"schema":{"@context":"https:\/\/schema.org","@graph":[{"@type":"WebPage","@id":"https:\/\/equipdiesel.com\/ca\/botiga-en-linia\/","url":"https:\/\/equipdiesel.com\/ca\/botiga-en-linia\/","name":"Botiga en l\u00ednia - Recanvis de primeres marques - Equip Diesel Oil","isPartOf":{"@id":"https:\/\/equipdiesel.com\/#website"},"datePublished":"2025-01-22T11:56:08+00:00","dateModified":"2025-08-22T12:14:08+00:00","description":"Venda de productes i recanvis de primeres marques al millor preu i de la millor qualitat. Consulta els productes que tenim disponibles.","breadcrumb":{"@id":"https:\/\/equipdiesel.com\/ca\/botiga-en-linia\/#breadcrumb"},"inLanguage":"ca","potentialAction":[{"@type":"ReadAction","target":["https:\/\/equipdiesel.com\/ca\/botiga-en-linia\/"]}]},{"@type":"BreadcrumbList","@id":"https:\/\/equipdiesel.com\/ca\/botiga-en-linia\/#breadcrumb","itemListElement":[{"@type":"ListItem","position":1,"name":"Portada","item":"https:\/\/equipdiesel.com\/ca\/equip-diesel\/"},{"@type":"ListItem","position":2,"name":"Botiga en l\u00ednia"}]},{"@type":"WebSite","@id":"https:\/\/equipdiesel.com\/#website","url":"https:\/\/equipdiesel.com\/","name":"Equip Diesel Oil","description":"Empresa dedicada a las instalaciones y reparaciones petrol\u00edferas, con un equipo que cuenta con m\u00e1s de 15 a\u00f1os de experiencia","potentialAction":[{"@type":"SearchAction","target":{"@type":"EntryPoint","urlTemplate":"https:\/\/equipdiesel.com\/?s={search_term_string}"},"query-input":{"@type":"PropertyValueSpecification","valueRequired":true,"valueName":"search_term_string"}}],"inLanguage":"ca"}]}},"_links":{"self":[{"href":"https:\/\/equipdiesel.com\/ca\/wp-json\/wp\/v2\/pages\/1814","targetHints":{"allow":["GET"]}}],"collection":[{"href":"https:\/\/equipdiesel.com\/ca\/wp-json\/wp\/v2\/pages"}],"about":[{"href":"https:\/\/equipdiesel.com\/ca\/wp-json\/wp\/v2\/types\/page"}],"author":[{"embeddable":true,"href":"https:\/\/equipdiesel.com\/ca\/wp-json\/wp\/v2\/users\/1"}],"replies":[{"embeddable":true,"href":"https:\/\/equipdiesel.com\/ca\/wp-json\/wp\/v2\/comments?post=1814"}],"version-history":[{"count":5,"href":"https:\/\/equipdiesel.com\/ca\/wp-json\/wp\/v2\/pages\/1814\/revisions"}],"predecessor-version":[{"id":1910,"href":"https:\/\/equipdiesel.com\/ca\/wp-json\/wp\/v2\/pages\/1814\/revisions\/1910"}],"wp:attachment":[{"href":"https:\/\/equipdiesel.com\/ca\/wp-json\/wp\/v2\/media?parent=1814"}],"curies":[{"name":"wp","href":"https:\/\/api.w.org\/{rel}","templated":true}]}}