{"id":1687,"date":"2025-01-21T11:23:54","date_gmt":"2025-01-21T10:23:54","guid":{"rendered":"https:\/\/equipdiesel.com\/qui-som\/"},"modified":"2025-08-22T10:47:18","modified_gmt":"2025-08-22T08:47:18","slug":"qui-som","status":"publish","type":"page","link":"https:\/\/equipdiesel.com\/ca\/qui-som\/","title":{"rendered":"Qui Som"},"content":{"rendered":"<p><div class=\"fusion-fullwidth fullwidth-box fusion-builder-row-1 fusion-flex-container has-pattern-background has-mask-background fusion-parallax-none nonhundred-percent-fullwidth non-hundred-percent-height-scrolling lazyload fusion-custom-z-index\" style=\"--awb-border-radius-top-left:0px;--awb-border-radius-top-right:0px;--awb-border-radius-bottom-right:0px;--awb-border-radius-bottom-left:0px;--awb-z-index:0;--awb-padding-top:6%;--awb-padding-bottom:6%;--awb-background-color:var(--awb-color4);--awb-background-image:linear-gradient(180deg, var(--awb-color1) 0%,rgba(255,255,255,0.74) 100%);;--awb-background-size:cover;--awb-flex-wrap:wrap;\" data-bg=\"https:\/\/equipdiesel.com\/wp-content\/uploads\/2025\/01\/header-quienes-somos-equip-diesel.jpg\" data-bg-gradient=\"linear-gradient(180deg, var(--awb-color1) 0%,rgba(255,255,255,0.74) 100%)\" ><div class=\"fusion-builder-row fusion-row fusion-flex-align-items-flex-start fusion-flex-content-wrap\" style=\"max-width:calc( 1300px + 0px );margin-left: calc(-0px \/ 2 );margin-right: calc(-0px \/ 2 );\"><div class=\"fusion-layout-column fusion_builder_column fusion-builder-column-0 fusion_builder_column_1_1 1_1 fusion-flex-column fusion-animated\" style=\"--awb-bg-blend:overlay;--awb-bg-size:cover;--awb-width-large:100%;--awb-margin-top-large:0px;--awb-spacing-right-large:0px;--awb-margin-bottom-large:0px;--awb-spacing-left-large:0px;--awb-width-medium:100%;--awb-spacing-right-medium:0px;--awb-spacing-left-medium:0px;--awb-width-small:100%;--awb-spacing-right-small:0px;--awb-spacing-left-small:0px;\" data-animationType=\"fadeInDown\" data-animationDuration=\"0.6\" data-animationOffset=\"top-into-view\"><div class=\"fusion-column-wrapper fusion-flex-justify-content-flex-start fusion-content-layout-column\"><div class=\"fusion-title title fusion-title-1 fusion-sep-none fusion-title-center fusion-title-text fusion-title-size-one\" style=\"--awb-text-color:var(--awb-color7);--awb-margin-bottom:0px;\"><h1 class=\"fusion-title-heading title-heading-center\" style=\"margin:0;text-transform:uppercase;\">Qui Som<\/h1><\/div><\/div><\/div><\/div><\/div><div class=\"fusion-fullwidth fullwidth-box fusion-builder-row-2 fusion-flex-container fusion-parallax-none nonhundred-percent-fullwidth non-hundred-percent-height-scrolling lazyload\" style=\"--awb-background-position:center bottom;--awb-background-repeat:repeat-x;--awb-border-radius-top-left:0px;--awb-border-radius-top-right:0px;--awb-border-radius-bottom-right:0px;--awb-border-radius-bottom-left:0px;--awb-padding-top:8%;--awb-padding-bottom:8%;--awb-background-color:var(--awb-color2);--awb-background-image:linear-gradient(180deg, var(--awb-color1) 0%,rgba(255,255,255,0.85) 100%);;--awb-flex-wrap:wrap;\" data-bg=\"https:\/\/equipdiesel.com\/wp-content\/uploads\/2018\/06\/blog-01.jpg\" data-bg-gradient=\"linear-gradient(180deg, var(--awb-color1) 0%,rgba(255,255,255,0.85) 100%)\" ><div class=\"fusion-builder-row fusion-row fusion-flex-align-items-center fusion-flex-content-wrap\" style=\"max-width:1352px;margin-left: calc(-4% \/ 2 );margin-right: calc(-4% \/ 2 );\"><div class=\"fusion-layout-column fusion_builder_column fusion-builder-column-1 fusion_builder_column_1_2 1_2 fusion-flex-column fusion-animated\" style=\"--awb-bg-blend:overlay;--awb-bg-size:cover;--awb-width-large:50%;--awb-margin-top-large:0px;--awb-spacing-right-large:3.84%;--awb-margin-bottom-large:20px;--awb-spacing-left-large:3.84%;--awb-width-medium:100%;--awb-spacing-right-medium:1.92%;--awb-spacing-left-medium:1.92%;--awb-width-small:100%;--awb-spacing-right-small:1.92%;--awb-spacing-left-small:1.92%;\" data-animationType=\"fadeInLeft\" data-animationDuration=\"0.6\" data-animationOffset=\"top-into-view\"><div class=\"fusion-column-wrapper fusion-flex-justify-content-flex-start fusion-content-layout-column\"><div class=\"fusion-title title fusion-title-2 fusion-sep-none fusion-title-center fusion-title-text fusion-title-size-two\"><h2 class=\"fusion-title-heading title-heading-center\" style=\"margin:0;\">Equip Diesel Oil<\/h2><\/div><div class=\"fusion-text fusion-text-1\" style=\"--awb-content-alignment:left;\"><p>\u00c9s una empresa dedicada a les instal\u00b7lacions i reparacions petrol\u00edferes, amb un equip que compta amb m\u00e9s de 15 anys d&#8217;experi\u00e8ncia en el sector.<\/p>\n<p>Tots aquests anys de treball en el camp petrol\u00edfer ens han servit per con\u00e8ixer \u00e0mpliament el mercat i les seves necessitats, podent oferir a tots els nostres clients un treball integral, donant resposta a tot tipus d&#8217;instal\u00b7lacions, serveis de manteniment i reparaci\u00f3, aix\u00ed com venda de productes en el sector, especialment productes PIUSI.<\/p>\n<p>Garantim un treball global, realitzat per oficials mec\u00e0nics i el\u00e8ctrics, amb un important recorregut en la divisi\u00f3 petrol\u00edfera.<\/p>\n<\/div><div class=\"fusion-image-element \" style=\"text-align:center;--awb-max-width:300px;--awb-caption-title-font-family:var(--h2_typography-font-family);--awb-caption-title-font-weight:var(--h2_typography-font-weight);--awb-caption-title-font-style:var(--h2_typography-font-style);--awb-caption-title-size:var(--h2_typography-font-size);--awb-caption-title-transform:var(--h2_typography-text-transform);--awb-caption-title-line-height:var(--h2_typography-line-height);--awb-caption-title-letter-spacing:var(--h2_typography-letter-spacing);\"><span class=\" fusion-imageframe imageframe-none imageframe-1 hover-type-none\"><img decoding=\"async\" width=\"390\" height=\"133\" title=\"logoPius\" src=\"https:\/\/equipdiesel.com\/wp-content\/uploads\/2025\/01\/logoPius.jpg\" data-orig-src=\"https:\/\/equipdiesel.com\/wp-content\/uploads\/2025\/01\/logoPius.jpg\" alt class=\"lazyload img-responsive wp-image-1767\" srcset=\"data:image\/svg+xml,%3Csvg%20xmlns%3D%27http%3A%2F%2Fwww.w3.org%2F2000%2Fsvg%27%20width%3D%27390%27%20height%3D%27133%27%20viewBox%3D%270%200%20390%20133%27%3E%3Crect%20width%3D%27390%27%20height%3D%27133%27%20fill-opacity%3D%220%22%2F%3E%3C%2Fsvg%3E\" data-srcset=\"https:\/\/equipdiesel.com\/wp-content\/uploads\/2025\/01\/logoPius-200x68.jpg 200w, https:\/\/equipdiesel.com\/wp-content\/uploads\/2025\/01\/logoPius.jpg 390w\" data-sizes=\"auto\" data-orig-sizes=\"(max-width: 1024px) 100vw, (max-width: 640px) 100vw, 390px\" \/><\/span><\/div><div class=\"fusion-separator fusion-full-width-sep\" style=\"align-self: center;margin-left: auto;margin-right: auto;margin-top:15px;width:100%;\"><\/div><\/div><\/div><div class=\"fusion-layout-column fusion_builder_column fusion-builder-column-2 fusion_builder_column_1_2 1_2 fusion-flex-column fusion-animated\" style=\"--awb-bg-blend:overlay;--awb-bg-size:cover;--awb-width-large:50%;--awb-margin-top-large:0px;--awb-spacing-right-large:3.84%;--awb-margin-bottom-large:20px;--awb-spacing-left-large:3.84%;--awb-width-medium:100%;--awb-spacing-right-medium:1.92%;--awb-spacing-left-medium:1.92%;--awb-width-small:100%;--awb-spacing-right-small:1.92%;--awb-spacing-left-small:1.92%;\" data-animationType=\"fadeInLeft\" data-animationDuration=\"0.6\" data-animationOffset=\"top-into-view\"><div class=\"fusion-column-wrapper fusion-flex-justify-content-flex-start fusion-content-layout-column\"><div class=\"fusion-separator fusion-full-width-sep\" style=\"align-self: center;margin-left: auto;margin-right: auto;margin-top:15px;width:100%;\"><\/div><div class=\"fusion-image-carousel fusion-image-carousel-auto fusion-image-carousel-1 fusion-carousel-border\"><div class=\"awb-carousel awb-swiper awb-swiper-carousel\" data-autoplay=\"no\" data-columns=\"1\" data-itemmargin=\"13\" data-itemwidth=\"180\" data-touchscroll=\"no\" data-imagesize=\"auto\" style=\"--awb-columns:1;\"><div class=\"swiper-wrapper awb-image-carousel-wrapper fusion-flex-align-items-center\"><div class=\"swiper-slide\"><div class=\"fusion-carousel-item-wrapper\"><div class=\"fusion-image-wrapper hover-type-none\"><img decoding=\"async\" width=\"450\" height=\"350\" src=\"https:\/\/equipdiesel.com\/wp-content\/uploads\/2025\/01\/equip-diesel-quienes-somos-08.jpg\" class=\"attachment-full size-full lazyload\" alt=\"Los servicios de mantenimiento y reparaci\u00f3n instalan y reparan surtidores de combustible como el de la foto.\" srcset=\"data:image\/svg+xml,%3Csvg%20xmlns%3D%27http%3A%2F%2Fwww.w3.org%2F2000%2Fsvg%27%20width%3D%27450%27%20height%3D%27350%27%20viewBox%3D%270%200%20450%20350%27%3E%3Crect%20width%3D%27450%27%20height%3D%27350%27%20fill-opacity%3D%220%22%2F%3E%3C%2Fsvg%3E\" data-orig-src=\"https:\/\/equipdiesel.com\/wp-content\/uploads\/2025\/01\/equip-diesel-quienes-somos-08.jpg\" data-srcset=\"https:\/\/equipdiesel.com\/wp-content\/uploads\/2025\/01\/equip-diesel-quienes-somos-08-200x156.jpg 200w, https:\/\/equipdiesel.com\/wp-content\/uploads\/2025\/01\/equip-diesel-quienes-somos-08-400x311.jpg 400w, https:\/\/equipdiesel.com\/wp-content\/uploads\/2025\/01\/equip-diesel-quienes-somos-08.jpg 450w\" data-sizes=\"auto\" \/><\/div><\/div><\/div><div class=\"swiper-slide\"><div class=\"fusion-carousel-item-wrapper\"><div class=\"fusion-image-wrapper hover-type-none\"><img decoding=\"async\" width=\"450\" height=\"350\" src=\"https:\/\/equipdiesel.com\/wp-content\/uploads\/2025\/01\/equip-diesel-quienes-somos-01.jpg\" class=\"attachment-full size-full lazyload\" alt=\"Equip Diesel ofrece\" srcset=\"data:image\/svg+xml,%3Csvg%20xmlns%3D%27http%3A%2F%2Fwww.w3.org%2F2000%2Fsvg%27%20width%3D%27450%27%20height%3D%27350%27%20viewBox%3D%270%200%20450%20350%27%3E%3Crect%20width%3D%27450%27%20height%3D%27350%27%20fill-opacity%3D%220%22%2F%3E%3C%2Fsvg%3E\" data-orig-src=\"https:\/\/equipdiesel.com\/wp-content\/uploads\/2025\/01\/equip-diesel-quienes-somos-01.jpg\" data-srcset=\"https:\/\/equipdiesel.com\/wp-content\/uploads\/2025\/01\/equip-diesel-quienes-somos-01-200x156.jpg 200w, https:\/\/equipdiesel.com\/wp-content\/uploads\/2025\/01\/equip-diesel-quienes-somos-01-400x311.jpg 400w, https:\/\/equipdiesel.com\/wp-content\/uploads\/2025\/01\/equip-diesel-quienes-somos-01.jpg 450w\" data-sizes=\"auto\" \/><\/div><\/div><\/div><div class=\"swiper-slide\"><div class=\"fusion-carousel-item-wrapper\"><div class=\"fusion-image-wrapper hover-type-none\"><img decoding=\"async\" width=\"450\" height=\"350\" src=\"https:\/\/equipdiesel.com\/wp-content\/uploads\/2025\/01\/equip-diesel-quienes-somos-04.jpg\" class=\"attachment-full size-full lazyload\" alt=\"Equip Diesel ofrece servicios de mantenimiento y reparaci\u00f3n.\" srcset=\"data:image\/svg+xml,%3Csvg%20xmlns%3D%27http%3A%2F%2Fwww.w3.org%2F2000%2Fsvg%27%20width%3D%27450%27%20height%3D%27350%27%20viewBox%3D%270%200%20450%20350%27%3E%3Crect%20width%3D%27450%27%20height%3D%27350%27%20fill-opacity%3D%220%22%2F%3E%3C%2Fsvg%3E\" data-orig-src=\"https:\/\/equipdiesel.com\/wp-content\/uploads\/2025\/01\/equip-diesel-quienes-somos-04.jpg\" data-srcset=\"https:\/\/equipdiesel.com\/wp-content\/uploads\/2025\/01\/equip-diesel-quienes-somos-04-200x156.jpg 200w, https:\/\/equipdiesel.com\/wp-content\/uploads\/2025\/01\/equip-diesel-quienes-somos-04-400x311.jpg 400w, https:\/\/equipdiesel.com\/wp-content\/uploads\/2025\/01\/equip-diesel-quienes-somos-04.jpg 450w\" data-sizes=\"auto\" \/><\/div><\/div><\/div><div class=\"swiper-slide\"><div class=\"fusion-carousel-item-wrapper\"><div class=\"fusion-image-wrapper hover-type-none\"><img decoding=\"async\" width=\"450\" height=\"350\" src=\"https:\/\/equipdiesel.com\/wp-content\/uploads\/2025\/01\/equip-diesel-quienes-somos-02.jpg\" class=\"attachment-full size-full lazyload\" alt=\"\" srcset=\"data:image\/svg+xml,%3Csvg%20xmlns%3D%27http%3A%2F%2Fwww.w3.org%2F2000%2Fsvg%27%20width%3D%27450%27%20height%3D%27350%27%20viewBox%3D%270%200%20450%20350%27%3E%3Crect%20width%3D%27450%27%20height%3D%27350%27%20fill-opacity%3D%220%22%2F%3E%3C%2Fsvg%3E\" data-orig-src=\"https:\/\/equipdiesel.com\/wp-content\/uploads\/2025\/01\/equip-diesel-quienes-somos-02.jpg\" data-srcset=\"https:\/\/equipdiesel.com\/wp-content\/uploads\/2025\/01\/equip-diesel-quienes-somos-02-200x156.jpg 200w, https:\/\/equipdiesel.com\/wp-content\/uploads\/2025\/01\/equip-diesel-quienes-somos-02-400x311.jpg 400w, https:\/\/equipdiesel.com\/wp-content\/uploads\/2025\/01\/equip-diesel-quienes-somos-02.jpg 450w\" data-sizes=\"auto\" \/><\/div><\/div><\/div><div class=\"swiper-slide\"><div class=\"fusion-carousel-item-wrapper\"><div class=\"fusion-image-wrapper hover-type-none\"><img decoding=\"async\" width=\"450\" height=\"350\" src=\"https:\/\/equipdiesel.com\/wp-content\/uploads\/2025\/01\/equip-diesel-quienes-somos-05.jpg\" class=\"attachment-full size-full lazyload\" alt=\"\" srcset=\"data:image\/svg+xml,%3Csvg%20xmlns%3D%27http%3A%2F%2Fwww.w3.org%2F2000%2Fsvg%27%20width%3D%27450%27%20height%3D%27350%27%20viewBox%3D%270%200%20450%20350%27%3E%3Crect%20width%3D%27450%27%20height%3D%27350%27%20fill-opacity%3D%220%22%2F%3E%3C%2Fsvg%3E\" data-orig-src=\"https:\/\/equipdiesel.com\/wp-content\/uploads\/2025\/01\/equip-diesel-quienes-somos-05.jpg\" data-srcset=\"https:\/\/equipdiesel.com\/wp-content\/uploads\/2025\/01\/equip-diesel-quienes-somos-05-200x156.jpg 200w, https:\/\/equipdiesel.com\/wp-content\/uploads\/2025\/01\/equip-diesel-quienes-somos-05-400x311.jpg 400w, https:\/\/equipdiesel.com\/wp-content\/uploads\/2025\/01\/equip-diesel-quienes-somos-05.jpg 450w\" data-sizes=\"auto\" \/><\/div><\/div><\/div><div class=\"swiper-slide\"><div class=\"fusion-carousel-item-wrapper\"><div class=\"fusion-image-wrapper hover-type-none\"><img decoding=\"async\" width=\"450\" height=\"350\" src=\"https:\/\/equipdiesel.com\/wp-content\/uploads\/2025\/01\/equip-diesel-quienes-somos-07.jpg\" class=\"attachment-full size-full lazyload\" alt=\"Dep\u00f3sito de combustible.\" srcset=\"data:image\/svg+xml,%3Csvg%20xmlns%3D%27http%3A%2F%2Fwww.w3.org%2F2000%2Fsvg%27%20width%3D%27450%27%20height%3D%27350%27%20viewBox%3D%270%200%20450%20350%27%3E%3Crect%20width%3D%27450%27%20height%3D%27350%27%20fill-opacity%3D%220%22%2F%3E%3C%2Fsvg%3E\" data-orig-src=\"https:\/\/equipdiesel.com\/wp-content\/uploads\/2025\/01\/equip-diesel-quienes-somos-07.jpg\" data-srcset=\"https:\/\/equipdiesel.com\/wp-content\/uploads\/2025\/01\/equip-diesel-quienes-somos-07-200x156.jpg 200w, https:\/\/equipdiesel.com\/wp-content\/uploads\/2025\/01\/equip-diesel-quienes-somos-07-400x311.jpg 400w, https:\/\/equipdiesel.com\/wp-content\/uploads\/2025\/01\/equip-diesel-quienes-somos-07.jpg 450w\" data-sizes=\"auto\" \/><\/div><\/div><\/div><div class=\"swiper-slide\"><div class=\"fusion-carousel-item-wrapper\"><div class=\"fusion-image-wrapper hover-type-none\"><img decoding=\"async\" width=\"450\" height=\"350\" src=\"https:\/\/equipdiesel.com\/wp-content\/uploads\/2025\/01\/equip-diesel-quienes-somos-09.jpg\" class=\"attachment-full size-full lazyload\" alt=\"\" srcset=\"data:image\/svg+xml,%3Csvg%20xmlns%3D%27http%3A%2F%2Fwww.w3.org%2F2000%2Fsvg%27%20width%3D%27450%27%20height%3D%27350%27%20viewBox%3D%270%200%20450%20350%27%3E%3Crect%20width%3D%27450%27%20height%3D%27350%27%20fill-opacity%3D%220%22%2F%3E%3C%2Fsvg%3E\" data-orig-src=\"https:\/\/equipdiesel.com\/wp-content\/uploads\/2025\/01\/equip-diesel-quienes-somos-09.jpg\" data-srcset=\"https:\/\/equipdiesel.com\/wp-content\/uploads\/2025\/01\/equip-diesel-quienes-somos-09-200x156.jpg 200w, https:\/\/equipdiesel.com\/wp-content\/uploads\/2025\/01\/equip-diesel-quienes-somos-09-400x311.jpg 400w, https:\/\/equipdiesel.com\/wp-content\/uploads\/2025\/01\/equip-diesel-quienes-somos-09.jpg 450w\" data-sizes=\"auto\" \/><\/div><\/div><\/div><div class=\"swiper-slide\"><div class=\"fusion-carousel-item-wrapper\"><div class=\"fusion-image-wrapper hover-type-none\"><img decoding=\"async\" width=\"450\" height=\"350\" src=\"https:\/\/equipdiesel.com\/wp-content\/uploads\/2025\/01\/equip-diesel-quienes-somos-03.jpg\" class=\"attachment-full size-full lazyload\" alt=\"\" srcset=\"data:image\/svg+xml,%3Csvg%20xmlns%3D%27http%3A%2F%2Fwww.w3.org%2F2000%2Fsvg%27%20width%3D%27450%27%20height%3D%27350%27%20viewBox%3D%270%200%20450%20350%27%3E%3Crect%20width%3D%27450%27%20height%3D%27350%27%20fill-opacity%3D%220%22%2F%3E%3C%2Fsvg%3E\" data-orig-src=\"https:\/\/equipdiesel.com\/wp-content\/uploads\/2025\/01\/equip-diesel-quienes-somos-03.jpg\" data-srcset=\"https:\/\/equipdiesel.com\/wp-content\/uploads\/2025\/01\/equip-diesel-quienes-somos-03-200x156.jpg 200w, https:\/\/equipdiesel.com\/wp-content\/uploads\/2025\/01\/equip-diesel-quienes-somos-03-400x311.jpg 400w, https:\/\/equipdiesel.com\/wp-content\/uploads\/2025\/01\/equip-diesel-quienes-somos-03.jpg 450w\" data-sizes=\"auto\" \/><\/div><\/div><\/div><div class=\"swiper-slide\"><div class=\"fusion-carousel-item-wrapper\"><div class=\"fusion-image-wrapper hover-type-none\"><img decoding=\"async\" width=\"450\" height=\"350\" src=\"https:\/\/equipdiesel.com\/wp-content\/uploads\/2025\/01\/equip-diesel-quienes-somos-06.jpg\" class=\"attachment-full size-full lazyload\" alt=\"\" srcset=\"data:image\/svg+xml,%3Csvg%20xmlns%3D%27http%3A%2F%2Fwww.w3.org%2F2000%2Fsvg%27%20width%3D%27450%27%20height%3D%27350%27%20viewBox%3D%270%200%20450%20350%27%3E%3Crect%20width%3D%27450%27%20height%3D%27350%27%20fill-opacity%3D%220%22%2F%3E%3C%2Fsvg%3E\" data-orig-src=\"https:\/\/equipdiesel.com\/wp-content\/uploads\/2025\/01\/equip-diesel-quienes-somos-06.jpg\" data-srcset=\"https:\/\/equipdiesel.com\/wp-content\/uploads\/2025\/01\/equip-diesel-quienes-somos-06-200x156.jpg 200w, https:\/\/equipdiesel.com\/wp-content\/uploads\/2025\/01\/equip-diesel-quienes-somos-06-400x311.jpg 400w, https:\/\/equipdiesel.com\/wp-content\/uploads\/2025\/01\/equip-diesel-quienes-somos-06.jpg 450w\" data-sizes=\"auto\" \/><\/div><\/div><\/div><\/div><div class=\"awb-swiper-button awb-swiper-button-prev\"><i class=\"awb-icon-angle-left\" aria-hidden=\"true\"><\/i><\/div><div class=\"awb-swiper-button awb-swiper-button-next\"><i class=\"awb-icon-angle-right\" aria-hidden=\"true\"><\/i><\/div><\/div><\/div><\/div><\/div><\/div><\/div><\/p>\n","protected":false},"excerpt":{"rendered":"","protected":false},"author":1,"featured_media":0,"parent":0,"menu_order":0,"comment_status":"closed","ping_status":"closed","template":"100-width.php","meta":{"footnotes":""},"class_list":["post-1687","page","type-page","status-publish","hentry"],"yoast_head":"<!-- This site is optimized with the Yoast SEO plugin v25.7 - https:\/\/yoast.com\/wordpress\/plugins\/seo\/ -->\n<title>Serveis de manteniment i reparaci\u00f3 - Equip Diesel Oil<\/title>\n<meta name=\"description\" content=\"M\u00e9s de 15 anys donant resposta a tota mena d&#039;instal\u00b7lacions, serveis de manteniment i reparaci\u00f3, aix\u00ed com venda de productes del sector.\" \/>\n<meta name=\"robots\" content=\"index, follow, max-snippet:-1, max-image-preview:large, max-video-preview:-1\" \/>\n<link rel=\"canonical\" href=\"https:\/\/equipdiesel.com\/ca\/qui-som\/\" \/>\n<meta property=\"og:locale\" content=\"ca_ES\" \/>\n<meta property=\"og:type\" content=\"article\" \/>\n<meta property=\"og:title\" content=\"Serveis de manteniment i reparaci\u00f3 - Equip Diesel Oil\" \/>\n<meta property=\"og:description\" content=\"M\u00e9s de 15 anys donant resposta a tota mena d&#039;instal\u00b7lacions, serveis de manteniment i reparaci\u00f3, aix\u00ed com venda de productes del sector.\" \/>\n<meta property=\"og:url\" content=\"https:\/\/equipdiesel.com\/ca\/qui-som\/\" \/>\n<meta property=\"og:site_name\" content=\"Equip Diesel Oil\" \/>\n<meta property=\"article:modified_time\" content=\"2025-08-22T08:47:18+00:00\" \/>\n<meta name=\"twitter:card\" content=\"summary_large_image\" \/>\n<meta name=\"twitter:label1\" content=\"Temps estimat de lectura\" \/>\n\t<meta name=\"twitter:data1\" content=\"3 minuts\" \/>\n<script type=\"application\/ld+json\" class=\"yoast-schema-graph\">{\"@context\":\"https:\/\/schema.org\",\"@graph\":[{\"@type\":\"WebPage\",\"@id\":\"https:\/\/equipdiesel.com\/ca\/qui-som\/\",\"url\":\"https:\/\/equipdiesel.com\/ca\/qui-som\/\",\"name\":\"Serveis de manteniment i reparaci\u00f3 - Equip Diesel Oil\",\"isPartOf\":{\"@id\":\"https:\/\/equipdiesel.com\/#website\"},\"datePublished\":\"2025-01-21T10:23:54+00:00\",\"dateModified\":\"2025-08-22T08:47:18+00:00\",\"description\":\"M\u00e9s de 15 anys donant resposta a tota mena d'instal\u00b7lacions, serveis de manteniment i reparaci\u00f3, aix\u00ed com venda de productes del sector.\",\"breadcrumb\":{\"@id\":\"https:\/\/equipdiesel.com\/ca\/qui-som\/#breadcrumb\"},\"inLanguage\":\"ca\",\"potentialAction\":[{\"@type\":\"ReadAction\",\"target\":[\"https:\/\/equipdiesel.com\/ca\/qui-som\/\"]}]},{\"@type\":\"BreadcrumbList\",\"@id\":\"https:\/\/equipdiesel.com\/ca\/qui-som\/#breadcrumb\",\"itemListElement\":[{\"@type\":\"ListItem\",\"position\":1,\"name\":\"Portada\",\"item\":\"https:\/\/equipdiesel.com\/ca\/equip-diesel\/\"},{\"@type\":\"ListItem\",\"position\":2,\"name\":\"Qui Som\"}]},{\"@type\":\"WebSite\",\"@id\":\"https:\/\/equipdiesel.com\/#website\",\"url\":\"https:\/\/equipdiesel.com\/\",\"name\":\"Equip Diesel Oil\",\"description\":\"Empresa dedicada a las instalaciones y reparaciones petrol\u00edferas, con un equipo que cuenta con m\u00e1s de 15 a\u00f1os de experiencia\",\"potentialAction\":[{\"@type\":\"SearchAction\",\"target\":{\"@type\":\"EntryPoint\",\"urlTemplate\":\"https:\/\/equipdiesel.com\/?s={search_term_string}\"},\"query-input\":{\"@type\":\"PropertyValueSpecification\",\"valueRequired\":true,\"valueName\":\"search_term_string\"}}],\"inLanguage\":\"ca\"}]}<\/script>\n<!-- \/ Yoast SEO plugin. -->","yoast_head_json":{"title":"Serveis de manteniment i reparaci\u00f3 - Equip Diesel Oil","description":"M\u00e9s de 15 anys donant resposta a tota mena d'instal\u00b7lacions, serveis de manteniment i reparaci\u00f3, aix\u00ed com venda de productes del sector.","robots":{"index":"index","follow":"follow","max-snippet":"max-snippet:-1","max-image-preview":"max-image-preview:large","max-video-preview":"max-video-preview:-1"},"canonical":"https:\/\/equipdiesel.com\/ca\/qui-som\/","og_locale":"ca_ES","og_type":"article","og_title":"Serveis de manteniment i reparaci\u00f3 - Equip Diesel Oil","og_description":"M\u00e9s de 15 anys donant resposta a tota mena d'instal\u00b7lacions, serveis de manteniment i reparaci\u00f3, aix\u00ed com venda de productes del sector.","og_url":"https:\/\/equipdiesel.com\/ca\/qui-som\/","og_site_name":"Equip Diesel Oil","article_modified_time":"2025-08-22T08:47:18+00:00","twitter_card":"summary_large_image","twitter_misc":{"Temps estimat de lectura":"3 minuts"},"schema":{"@context":"https:\/\/schema.org","@graph":[{"@type":"WebPage","@id":"https:\/\/equipdiesel.com\/ca\/qui-som\/","url":"https:\/\/equipdiesel.com\/ca\/qui-som\/","name":"Serveis de manteniment i reparaci\u00f3 - Equip Diesel Oil","isPartOf":{"@id":"https:\/\/equipdiesel.com\/#website"},"datePublished":"2025-01-21T10:23:54+00:00","dateModified":"2025-08-22T08:47:18+00:00","description":"M\u00e9s de 15 anys donant resposta a tota mena d'instal\u00b7lacions, serveis de manteniment i reparaci\u00f3, aix\u00ed com venda de productes del sector.","breadcrumb":{"@id":"https:\/\/equipdiesel.com\/ca\/qui-som\/#breadcrumb"},"inLanguage":"ca","potentialAction":[{"@type":"ReadAction","target":["https:\/\/equipdiesel.com\/ca\/qui-som\/"]}]},{"@type":"BreadcrumbList","@id":"https:\/\/equipdiesel.com\/ca\/qui-som\/#breadcrumb","itemListElement":[{"@type":"ListItem","position":1,"name":"Portada","item":"https:\/\/equipdiesel.com\/ca\/equip-diesel\/"},{"@type":"ListItem","position":2,"name":"Qui Som"}]},{"@type":"WebSite","@id":"https:\/\/equipdiesel.com\/#website","url":"https:\/\/equipdiesel.com\/","name":"Equip Diesel Oil","description":"Empresa dedicada a las instalaciones y reparaciones petrol\u00edferas, con un equipo que cuenta con m\u00e1s de 15 a\u00f1os de experiencia","potentialAction":[{"@type":"SearchAction","target":{"@type":"EntryPoint","urlTemplate":"https:\/\/equipdiesel.com\/?s={search_term_string}"},"query-input":{"@type":"PropertyValueSpecification","valueRequired":true,"valueName":"search_term_string"}}],"inLanguage":"ca"}]}},"_links":{"self":[{"href":"https:\/\/equipdiesel.com\/ca\/wp-json\/wp\/v2\/pages\/1687","targetHints":{"allow":["GET"]}}],"collection":[{"href":"https:\/\/equipdiesel.com\/ca\/wp-json\/wp\/v2\/pages"}],"about":[{"href":"https:\/\/equipdiesel.com\/ca\/wp-json\/wp\/v2\/types\/page"}],"author":[{"embeddable":true,"href":"https:\/\/equipdiesel.com\/ca\/wp-json\/wp\/v2\/users\/1"}],"replies":[{"embeddable":true,"href":"https:\/\/equipdiesel.com\/ca\/wp-json\/wp\/v2\/comments?post=1687"}],"version-history":[{"count":3,"href":"https:\/\/equipdiesel.com\/ca\/wp-json\/wp\/v2\/pages\/1687\/revisions"}],"predecessor-version":[{"id":1900,"href":"https:\/\/equipdiesel.com\/ca\/wp-json\/wp\/v2\/pages\/1687\/revisions\/1900"}],"wp:attachment":[{"href":"https:\/\/equipdiesel.com\/ca\/wp-json\/wp\/v2\/media?parent=1687"}],"curies":[{"name":"wp","href":"https:\/\/api.w.org\/{rel}","templated":true}]}}